{"id":1849,"date":"2025-12-03T00:15:21","date_gmt":"2025-12-03T00:15:21","guid":{"rendered":"https:\/\/colaistenaomheoin.ie\/?page_id=1849"},"modified":"2026-02-09T16:56:22","modified_gmt":"2026-02-09T16:56:22","slug":"claru","status":"publish","type":"page","link":"https:\/\/colaistenaomheoin.ie\/en\/claru\/","title":{"rendered":"Enrollment"},"content":{"rendered":"<div data-elementor-type=\"wp-page\" data-elementor-id=\"1849\" class=\"elementor elementor-1849\" data-elementor-post-type=\"page\">\n\t\t\t\t\t\t<section class=\"elementor-section elementor-top-section elementor-element elementor-element-40b287c1 elementor-section-boxed elementor-section-height-default elementor-section-height-default\" data-id=\"40b287c1\" data-element_type=\"section\">\n\t\t\t\t\t\t<div class=\"elementor-container elementor-column-gap-default\">\n\t\t\t\t\t<div class=\"elementor-column elementor-col-100 elementor-top-column elementor-element elementor-element-52e9f293\" data-id=\"52e9f293\" data-element_type=\"column\">\n\t\t\t<div class=\"elementor-widget-wrap\">\n\t\t\t\t\t\t\t<\/div>\n\t\t<\/div>\n\t\t\t\t\t<\/div>\n\t\t<\/section>\n\t\t\t\t<section class=\"elementor-section elementor-top-section elementor-element elementor-element-32c6da4f elementor-section-full_width elementor-section-height-min-height elementor-section-height-default elementor-section-items-middle\" data-id=\"32c6da4f\" data-element_type=\"section\" data-settings=\"{&quot;background_background&quot;:&quot;classic&quot;}\">\n\t\t\t\t\t\t<div class=\"elementor-container elementor-column-gap-default\">\n\t\t\t\t\t<div class=\"elementor-column elementor-col-100 elementor-top-column elementor-element elementor-element-2bfadfb8\" data-id=\"2bfadfb8\" data-element_type=\"column\">\n\t\t\t<div class=\"elementor-widget-wrap\">\n\t\t\t\t\t\t\t<\/div>\n\t\t<\/div>\n\t\t\t\t\t<\/div>\n\t\t<\/section>\n\t\t\t\t<section class=\"elementor-section elementor-top-section elementor-element elementor-element-15894eb4 elementor-section-full_width elementor-section-height-min-height elementor-section-height-default elementor-section-items-middle\" data-id=\"15894eb4\" data-element_type=\"section\">\n\t\t\t\t\t\t<div class=\"elementor-container elementor-column-gap-default\">\n\t\t\t\t\t<div class=\"elementor-column elementor-col-50 elementor-top-column elementor-element elementor-element-3a6815a3\" data-id=\"3a6815a3\" data-element_type=\"column\" data-settings=\"{&quot;background_background&quot;:&quot;classic&quot;}\">\n\t\t\t<div class=\"elementor-widget-wrap elementor-element-populated\">\n\t\t\t\t\t\t<section class=\"elementor-section elementor-inner-section elementor-element elementor-element-5f278720 elementor-section-boxed elementor-section-height-default elementor-section-height-default\" data-id=\"5f278720\" data-element_type=\"section\">\n\t\t\t\t\t\t<div class=\"elementor-container elementor-column-gap-default\">\n\t\t\t\t\t<div class=\"elementor-column elementor-col-100 elementor-inner-column elementor-element elementor-element-2d13d64\" data-id=\"2d13d64\" data-element_type=\"column\">\n\t\t\t<div class=\"elementor-widget-wrap elementor-element-populated\">\n\t\t\t\t\t\t<div class=\"elementor-element elementor-element-331e43d2 elementor-invisible elementor-widget elementor-widget-breadcrumbs\" data-id=\"331e43d2\" data-element_type=\"widget\" data-settings=\"{&quot;_animation&quot;:&quot;fadeInLeft&quot;}\" data-widget_type=\"breadcrumbs.default\">\n\t\t\t\t<div class=\"elementor-widget-container\">\n\t\t\t\t\t<p id=\"breadcrumbs\"><span><span><a href=\"https:\/\/colaistenaomheoin.ie\/\">Home<\/a><\/span><\/span><\/p>\t\t\t\t<\/div>\n\t\t\t\t<\/div>\n\t\t\t\t\t<\/div>\n\t\t<\/div>\n\t\t\t\t\t<\/div>\n\t\t<\/section>\n\t\t\t\t<div class=\"elementor-element elementor-element-5fd670a6 elementor-widget elementor-widget-spacer\" data-id=\"5fd670a6\" data-element_type=\"widget\" data-widget_type=\"spacer.default\">\n\t\t\t\t<div class=\"elementor-widget-container\">\n\t\t\t\t\t\t\t<div class=\"elementor-spacer\">\n\t\t\t<div class=\"elementor-spacer-inner\"><\/div>\n\t\t<\/div>\n\t\t\t\t\t\t<\/div>\n\t\t\t\t<\/div>\n\t\t\t\t\t<\/div>\n\t\t<\/div>\n\t\t\t\t<div class=\"elementor-column elementor-col-50 elementor-top-column elementor-element elementor-element-880b2b0\" data-id=\"880b2b0\" data-element_type=\"column\" data-settings=\"{&quot;background_background&quot;:&quot;classic&quot;}\">\n\t\t\t<div class=\"elementor-widget-wrap\">\n\t\t\t\t\t\t\t<\/div>\n\t\t<\/div>\n\t\t\t\t\t<\/div>\n\t\t<\/section>\n\t\t\t\t<section class=\"elementor-section elementor-top-section elementor-element elementor-element-57e4fdf6 elementor-section-content-middle elementor-section-boxed elementor-section-height-default elementor-section-height-default\" data-id=\"57e4fdf6\" data-element_type=\"section\">\n\t\t\t\t\t\t<div class=\"elementor-container elementor-column-gap-no\">\n\t\t\t\t\t<div class=\"elementor-column elementor-col-50 elementor-top-column elementor-element elementor-element-7b93b5e1\" data-id=\"7b93b5e1\" data-element_type=\"column\">\n\t\t\t<div class=\"elementor-widget-wrap elementor-element-populated\">\n\t\t\t\t\t\t<div class=\"elementor-element elementor-element-2d3d049e elementor-widget elementor-widget-heading\" data-id=\"2d3d049e\" data-element_type=\"widget\" data-widget_type=\"heading.default\">\n\t\t\t\t<div class=\"elementor-widget-container\">\n\t\t\t\t\t<h4 class=\"elementor-heading-title elementor-size-default\">Enrollment<\/h4>\t\t\t\t<\/div>\n\t\t\t\t<\/div>\n\t\t\t\t<div class=\"elementor-element elementor-element-7e340e36 elementor-widget-divider--view-line elementor-invisible elementor-widget elementor-widget-divider\" data-id=\"7e340e36\" data-element_type=\"widget\" data-settings=\"{&quot;_animation&quot;:&quot;fadeInLeft&quot;}\" data-widget_type=\"divider.default\">\n\t\t\t\t<div class=\"elementor-widget-container\">\n\t\t\t\t\t\t\t<div class=\"elementor-divider\">\n\t\t\t<span class=\"elementor-divider-separator\">\n\t\t\t\t\t\t<\/span>\n\t\t<\/div>\n\t\t\t\t\t\t<\/div>\n\t\t\t\t<\/div>\n\t\t\t\t\t<\/div>\n\t\t<\/div>\n\t\t\t\t<div class=\"elementor-column elementor-col-50 elementor-top-column elementor-element elementor-element-82c5ada\" data-id=\"82c5ada\" data-element_type=\"column\">\n\t\t\t<div class=\"elementor-widget-wrap elementor-element-populated\">\n\t\t\t\t\t\t<div class=\"elementor-element elementor-element-22ce27c2 elementor-widget elementor-widget-text-editor\" data-id=\"22ce27c2\" data-element_type=\"widget\" data-widget_type=\"text-editor.default\">\n\t\t\t\t<div class=\"elementor-widget-container\">\n\t\t\t\t\t\t\t\t\t<header><\/header><div><p>We are now accepting applications across all years for the next academic year. Please see our <a href=\"https:\/\/colaistenaomheoin.ie\/policies\/\">policy page for more details<\/a>.<\/p><p>We recommend all interested students apply as early as possible as boarding places are limited.\u00a0<\/p><\/div>\t\t\t\t\t\t\t\t<\/div>\n\t\t\t\t<\/div>\n\t\t\t\t\t<\/div>\n\t\t<\/div>\n\t\t\t\t\t<\/div>\n\t\t<\/section>\n\t\t\t\t<section class=\"elementor-section elementor-top-section elementor-element elementor-element-7d32b68e elementor-section-full_width elementor-section-height-default elementor-section-height-default\" data-id=\"7d32b68e\" data-element_type=\"section\">\n\t\t\t\t\t\t<div class=\"elementor-container elementor-column-gap-default\">\n\t\t\t\t\t<div class=\"elementor-column elementor-col-100 elementor-top-column elementor-element elementor-element-29fc9846\" data-id=\"29fc9846\" data-element_type=\"column\">\n\t\t\t<div class=\"elementor-widget-wrap elementor-element-populated\">\n\t\t\t\t\t\t<div class=\"elementor-element elementor-element-3f9dddbc elementor-flip-box--effect-push elementor-flip-box--direction-up elementor-widget elementor-widget-flip-box\" data-id=\"3f9dddbc\" data-element_type=\"widget\" data-widget_type=\"flip-box.default\">\n\t\t\t\t<div class=\"elementor-widget-container\">\n\t\t\t\t\t\t\t<div class=\"elementor-flip-box\" tabindex=\"0\">\n\t\t\t<div class=\"elementor-flip-box__layer elementor-flip-box__front\">\n\t\t\t\t<div class=\"elementor-flip-box__layer__overlay\">\n\t\t\t\t\t<div class=\"elementor-flip-box__layer__inner\">\n\t\t\t\t\t\t\t\t\t\t\t\t\t<div class=\"elementor-icon-wrapper elementor-view-default\">\n\t\t\t\t\t\t\t\t<div class=\"elementor-icon\">\n\t\t\t\t\t\t\t\t\t<i class=\"fas fa-compass\"><\/i>\t\t\t\t\t\t\t\t<\/div>\n\t\t\t\t\t\t\t<\/div>\n\t\t\t\t\t\t\n\t\t\t\t\t\t\t\t\t\t\t\t\t<h3 class=\"elementor-flip-box__layer__title\">\n\t\t\t\t\t\t\t\tDid we grab your attention?\t\t\t\t\t\t\t<\/h3>\n\t\t\t\t\t\t\n\t\t\t\t\t\t\t\t\t\t\t\t\t<div class=\"elementor-flip-box__layer__description\">\n\t\t\t\t\t\t\t\tWould you like to be a part of this wonderful school...\t\t\t\t\t\t\t<\/div>\n\t\t\t\t\t\t\t\t\t\t\t<\/div>\n\t\t\t\t<\/div>\n\t\t\t<\/div>\n\t\t\t<div class=\"elementor-flip-box__layer elementor-flip-box__back\">\n\t\t\t<div class=\"elementor-flip-box__layer__overlay\">\n\t\t\t\t<div class=\"elementor-flip-box__layer__inner\">\n\t\t\t\t\t\t\t\t\t\t\t<h3 class=\"elementor-flip-box__layer__title\">\n\t\t\t\t\t\t\tExpress you interest now\t\t\t\t\t\t<\/h3>\n\t\t\t\t\t\n\t\t\t\t\t\t\t\t\t\t\t<div class=\"elementor-flip-box__layer__description\">\n\t\t\t\t\t\t\tL\u00e9irigh do chuid shuime don bhliain seo chugainn.\t\t\t\t\t\t<\/div>\n\t\t\t\t\t\n\t\t\t\t\t\t\t\t\t\t\t<a class=\"elementor-flip-box__button elementor-button elementor-size-sm\" href=\"https:\/\/docs.google.com\/forms\/d\/e\/1FAIpQLSdffcFZfpJNoZ-g95XU9iwnv0hl65rTxE-J3ycXpBx0dJMcuQ\/viewform\">\n\t\t\t\t\t\t\tClick here\t\t\t\t\t\t<\/a>\n\t\t\t\t\t\t\t\t<\/div>\n\t\t<\/div>\n\t\t<\/div>\n\t\t<\/div>\n\t\t\t\t\t\t<\/div>\n\t\t\t\t<\/div>\n\t\t\t\t\t<\/div>\n\t\t<\/div>\n\t\t\t\t\t<\/div>\n\t\t<\/section>\n\t\t\t\t<section class=\"elementor-section elementor-top-section elementor-element elementor-element-7a25871 elementor-section-boxed elementor-section-height-default elementor-section-height-default\" data-id=\"7a25871\" data-element_type=\"section\">\n\t\t\t\t\t\t<div class=\"elementor-container elementor-column-gap-default\">\n\t\t\t\t\t<div class=\"elementor-column elementor-col-100 elementor-top-column elementor-element elementor-element-14e9d\" data-id=\"14e9d\" data-element_type=\"column\">\n\t\t\t<div class=\"elementor-widget-wrap\">\n\t\t\t\t\t\t\t<\/div>\n\t\t<\/div>\n\t\t\t\t\t<\/div>\n\t\t<\/section>\n\t\t\t\t<section class=\"elementor-section elementor-top-section elementor-element elementor-element-2e568234 elementor-section-boxed elementor-section-height-default elementor-section-height-default\" data-id=\"2e568234\" data-element_type=\"section\">\n\t\t\t\t\t\t<div class=\"elementor-container elementor-column-gap-default\">\n\t\t\t\t\t<div class=\"elementor-column elementor-col-100 elementor-top-column elementor-element elementor-element-7d1ad16c\" data-id=\"7d1ad16c\" data-element_type=\"column\">\n\t\t\t<div class=\"elementor-widget-wrap\">\n\t\t\t\t\t\t\t<\/div>\n\t\t<\/div>\n\t\t\t\t\t<\/div>\n\t\t<\/section>\n\t\t\t\t<\/div>","protected":false},"excerpt":{"rendered":"<p>Cl\u00e1r\u00fa T\u00e1imid anois ag glacadh le hiarratais do Bhlianta 1\u20136 don ch\u00e9ad bhliain acad\u00fail eile. T\u00e1 tuilleadh sonra\u00ed le f\u00e1il ar leathanach na bpolasaithe. Molaimid do gach scol\u00e1ire a bhfuil suim acu iarratas a dh\u00e9anamh \u00e9 a chur isteach chomh luath agus is f\u00e9idir, mar t\u00e1 l\u00edon na n-\u00e1iteanna l\u00f3ist\u00edn teoranta.\u00a0 Ar mhuscail muid do [&hellip;]<\/p>","protected":false},"author":1,"featured_media":0,"parent":0,"menu_order":0,"comment_status":"closed","ping_status":"closed","template":"","meta":{"footnotes":""},"class_list":["post-1849","page","type-page","status-publish","hentry"],"yoast_head":"<!-- This site is optimized with the Yoast SEO plugin v26.3 - https:\/\/yoast.com\/wordpress\/plugins\/seo\/ -->\n<title>Cl\u00e1r\u00fa - Colaiste Naomh Eoin<\/title>\n<meta name=\"description\" content=\"Located on the idyllic Inis Me\u00e1in, Col\u00e1iste Naomh Eoin is one of the most sought after Irish language boarding Secondary schools in Ireland\" \/>\n<meta name=\"robots\" content=\"index, follow, max-snippet:-1, max-image-preview:large, max-video-preview:-1\" \/>\n<link rel=\"canonical\" href=\"https:\/\/colaistenaomheoin.ie\/en\/claru\/\" \/>\n<meta property=\"og:locale\" content=\"en_GB\" \/>\n<meta property=\"og:type\" content=\"article\" \/>\n<meta property=\"og:title\" content=\"Cl\u00e1r\u00fa - Colaiste Naomh Eoin\" \/>\n<meta property=\"og:description\" content=\"Located on the idyllic Inis Me\u00e1in, Col\u00e1iste Naomh Eoin is one of the most sought after Irish language boarding Secondary schools in Ireland\" \/>\n<meta property=\"og:url\" content=\"https:\/\/colaistenaomheoin.ie\/en\/claru\/\" \/>\n<meta property=\"og:site_name\" content=\"Colaiste Naomh Eoin\" \/>\n<meta property=\"article:publisher\" content=\"https:\/\/www.facebook.com\/ColNaomhEoin\/\" \/>\n<meta property=\"article:modified_time\" content=\"2026-02-09T16:56:22+00:00\" \/>\n<meta property=\"og:image\" content=\"https:\/\/colaistenaomheoin.ie\/wp-content\/uploads\/2021\/11\/Colaiste-Eoin-Logo-Sidebar.png\" \/>\n\t<meta property=\"og:image:width\" content=\"160\" \/>\n\t<meta property=\"og:image:height\" content=\"180\" \/>\n\t<meta property=\"og:image:type\" content=\"image\/png\" \/>\n<meta name=\"twitter:card\" content=\"summary_large_image\" \/>\n<meta name=\"twitter:site\" content=\"@Col_Naomh_Eoin\" \/>\n<script type=\"application\/ld+json\" class=\"yoast-schema-graph\">{\"@context\":\"https:\/\/schema.org\",\"@graph\":[{\"@type\":\"WebPage\",\"@id\":\"https:\/\/colaistenaomheoin.ie\/en\/claru\/\",\"url\":\"https:\/\/colaistenaomheoin.ie\/en\/claru\/\",\"name\":\"Cl\u00e1r\u00fa - Colaiste Naomh Eoin\",\"isPartOf\":{\"@id\":\"https:\/\/colaistenaomheoin.ie\/#website\"},\"datePublished\":\"2025-12-03T00:15:21+00:00\",\"dateModified\":\"2026-02-09T16:56:22+00:00\",\"description\":\"Located on the idyllic Inis Me\u00e1in, Col\u00e1iste Naomh Eoin is one of the most sought after Irish language boarding Secondary schools in Ireland\",\"breadcrumb\":{\"@id\":\"https:\/\/colaistenaomheoin.ie\/en\/claru\/#breadcrumb\"},\"inLanguage\":\"en-GB\",\"potentialAction\":[{\"@type\":\"ReadAction\",\"target\":[\"https:\/\/colaistenaomheoin.ie\/en\/claru\/\"]}]},{\"@type\":\"BreadcrumbList\",\"@id\":\"https:\/\/colaistenaomheoin.ie\/en\/claru\/#breadcrumb\",\"itemListElement\":[{\"@type\":\"ListItem\",\"position\":1,\"name\":\"Baile\",\"item\":\"https:\/\/colaistenaomheoin.ie\/\"},{\"@type\":\"ListItem\",\"position\":2,\"name\":\"Cl\u00e1r\u00fa\"}]},{\"@type\":\"WebSite\",\"@id\":\"https:\/\/colaistenaomheoin.ie\/#website\",\"url\":\"https:\/\/colaistenaomheoin.ie\/\",\"name\":\"Colaiste Naomh Eoin\",\"description\":\"\",\"publisher\":{\"@id\":\"https:\/\/colaistenaomheoin.ie\/#organization\"},\"potentialAction\":[{\"@type\":\"SearchAction\",\"target\":{\"@type\":\"EntryPoint\",\"urlTemplate\":\"https:\/\/colaistenaomheoin.ie\/?s={search_term_string}\"},\"query-input\":{\"@type\":\"PropertyValueSpecification\",\"valueRequired\":true,\"valueName\":\"search_term_string\"}}],\"inLanguage\":\"en-GB\"},{\"@type\":\"Organization\",\"@id\":\"https:\/\/colaistenaomheoin.ie\/#organization\",\"name\":\"Col\u00e1iste Naomh Eoin\",\"url\":\"https:\/\/colaistenaomheoin.ie\/\",\"logo\":{\"@type\":\"ImageObject\",\"inLanguage\":\"en-GB\",\"@id\":\"https:\/\/colaistenaomheoin.ie\/#\/schema\/logo\/image\/\",\"url\":\"https:\/\/colaistenaomheoin.ie\/wp-content\/uploads\/2021\/11\/Colaiste-Eoin-Logo-Sidebar.png\",\"contentUrl\":\"https:\/\/colaistenaomheoin.ie\/wp-content\/uploads\/2021\/11\/Colaiste-Eoin-Logo-Sidebar.png\",\"width\":160,\"height\":180,\"caption\":\"Col\u00e1iste Naomh Eoin\"},\"image\":{\"@id\":\"https:\/\/colaistenaomheoin.ie\/#\/schema\/logo\/image\/\"},\"sameAs\":[\"https:\/\/www.facebook.com\/ColNaomhEoin\/\",\"https:\/\/x.com\/Col_Naomh_Eoin\",\"https:\/\/www.instagram.com\/colaistenaomheoin\/\"]}]}<\/script>\n<!-- \/ Yoast SEO plugin. -->","yoast_head_json":{"title":"Cl\u00e1r\u00fa - Colaiste Naomh Eoin","description":"Located on the idyllic Inis Me\u00e1in, Col\u00e1iste Naomh Eoin is one of the most sought after Irish language boarding Secondary schools in Ireland","robots":{"index":"index","follow":"follow","max-snippet":"max-snippet:-1","max-image-preview":"max-image-preview:large","max-video-preview":"max-video-preview:-1"},"canonical":"https:\/\/colaistenaomheoin.ie\/en\/claru\/","og_locale":"en_GB","og_type":"article","og_title":"Cl\u00e1r\u00fa - Colaiste Naomh Eoin","og_description":"Located on the idyllic Inis Me\u00e1in, Col\u00e1iste Naomh Eoin is one of the most sought after Irish language boarding Secondary schools in Ireland","og_url":"https:\/\/colaistenaomheoin.ie\/en\/claru\/","og_site_name":"Colaiste Naomh Eoin","article_publisher":"https:\/\/www.facebook.com\/ColNaomhEoin\/","article_modified_time":"2026-02-09T16:56:22+00:00","og_image":[{"width":160,"height":180,"url":"https:\/\/colaistenaomheoin.ie\/wp-content\/uploads\/2021\/11\/Colaiste-Eoin-Logo-Sidebar.png","type":"image\/png"}],"twitter_card":"summary_large_image","twitter_site":"@Col_Naomh_Eoin","schema":{"@context":"https:\/\/schema.org","@graph":[{"@type":"WebPage","@id":"https:\/\/colaistenaomheoin.ie\/en\/claru\/","url":"https:\/\/colaistenaomheoin.ie\/en\/claru\/","name":"Cl\u00e1r\u00fa - Colaiste Naomh Eoin","isPartOf":{"@id":"https:\/\/colaistenaomheoin.ie\/#website"},"datePublished":"2025-12-03T00:15:21+00:00","dateModified":"2026-02-09T16:56:22+00:00","description":"Located on the idyllic Inis Me\u00e1in, Col\u00e1iste Naomh Eoin is one of the most sought after Irish language boarding Secondary schools in Ireland","breadcrumb":{"@id":"https:\/\/colaistenaomheoin.ie\/en\/claru\/#breadcrumb"},"inLanguage":"en-GB","potentialAction":[{"@type":"ReadAction","target":["https:\/\/colaistenaomheoin.ie\/en\/claru\/"]}]},{"@type":"BreadcrumbList","@id":"https:\/\/colaistenaomheoin.ie\/en\/claru\/#breadcrumb","itemListElement":[{"@type":"ListItem","position":1,"name":"Baile","item":"https:\/\/colaistenaomheoin.ie\/"},{"@type":"ListItem","position":2,"name":"Cl\u00e1r\u00fa"}]},{"@type":"WebSite","@id":"https:\/\/colaistenaomheoin.ie\/#website","url":"https:\/\/colaistenaomheoin.ie\/","name":"Colaiste Naomh Eoin","description":"","publisher":{"@id":"https:\/\/colaistenaomheoin.ie\/#organization"},"potentialAction":[{"@type":"SearchAction","target":{"@type":"EntryPoint","urlTemplate":"https:\/\/colaistenaomheoin.ie\/?s={search_term_string}"},"query-input":{"@type":"PropertyValueSpecification","valueRequired":true,"valueName":"search_term_string"}}],"inLanguage":"en-GB"},{"@type":"Organization","@id":"https:\/\/colaistenaomheoin.ie\/#organization","name":"Col\u00e1iste Naomh Eoin","url":"https:\/\/colaistenaomheoin.ie\/","logo":{"@type":"ImageObject","inLanguage":"en-GB","@id":"https:\/\/colaistenaomheoin.ie\/#\/schema\/logo\/image\/","url":"https:\/\/colaistenaomheoin.ie\/wp-content\/uploads\/2021\/11\/Colaiste-Eoin-Logo-Sidebar.png","contentUrl":"https:\/\/colaistenaomheoin.ie\/wp-content\/uploads\/2021\/11\/Colaiste-Eoin-Logo-Sidebar.png","width":160,"height":180,"caption":"Col\u00e1iste Naomh Eoin"},"image":{"@id":"https:\/\/colaistenaomheoin.ie\/#\/schema\/logo\/image\/"},"sameAs":["https:\/\/www.facebook.com\/ColNaomhEoin\/","https:\/\/x.com\/Col_Naomh_Eoin","https:\/\/www.instagram.com\/colaistenaomheoin\/"]}]}},"_links":{"self":[{"href":"https:\/\/colaistenaomheoin.ie\/en\/wp-json\/wp\/v2\/pages\/1849","targetHints":{"allow":["GET"]}}],"collection":[{"href":"https:\/\/colaistenaomheoin.ie\/en\/wp-json\/wp\/v2\/pages"}],"about":[{"href":"https:\/\/colaistenaomheoin.ie\/en\/wp-json\/wp\/v2\/types\/page"}],"author":[{"embeddable":true,"href":"https:\/\/colaistenaomheoin.ie\/en\/wp-json\/wp\/v2\/users\/1"}],"replies":[{"embeddable":true,"href":"https:\/\/colaistenaomheoin.ie\/en\/wp-json\/wp\/v2\/comments?post=1849"}],"version-history":[{"count":19,"href":"https:\/\/colaistenaomheoin.ie\/en\/wp-json\/wp\/v2\/pages\/1849\/revisions"}],"predecessor-version":[{"id":2136,"href":"https:\/\/colaistenaomheoin.ie\/en\/wp-json\/wp\/v2\/pages\/1849\/revisions\/2136"}],"wp:attachment":[{"href":"https:\/\/colaistenaomheoin.ie\/en\/wp-json\/wp\/v2\/media?parent=1849"}],"curies":[{"name":"wp","href":"https:\/\/api.w.org\/{rel}","templated":true}]}}