{"id":1844,"date":"2025-12-03T00:13:20","date_gmt":"2025-12-03T00:13:20","guid":{"rendered":"https:\/\/colaistenaomheoin.ie\/?page_id=1844"},"modified":"2025-12-18T19:31:47","modified_gmt":"2025-12-18T19:31:47","slug":"tacaiocht-oideachais-breise","status":"publish","type":"page","link":"https:\/\/colaistenaomheoin.ie\/en\/tacaiocht-oideachais-breise\/","title":{"rendered":"Additional Educational Needs"},"content":{"rendered":"<div data-elementor-type=\"wp-page\" data-elementor-id=\"1844\" class=\"elementor elementor-1844\" data-elementor-post-type=\"page\">\n\t\t\t\t\t\t<section class=\"elementor-section elementor-top-section elementor-element elementor-element-3184cafe elementor-section-boxed elementor-section-height-default elementor-section-height-default\" data-id=\"3184cafe\" data-element_type=\"section\">\n\t\t\t\t\t\t<div class=\"elementor-container elementor-column-gap-default\">\n\t\t\t\t\t<div class=\"elementor-column elementor-col-100 elementor-top-column elementor-element elementor-element-399c0f0f\" data-id=\"399c0f0f\" data-element_type=\"column\">\n\t\t\t<div class=\"elementor-widget-wrap\">\n\t\t\t\t\t\t\t<\/div>\n\t\t<\/div>\n\t\t\t\t\t<\/div>\n\t\t<\/section>\n\t\t\t\t<section class=\"elementor-section elementor-top-section elementor-element elementor-element-7e37270e elementor-section-full_width elementor-section-height-min-height elementor-section-height-default elementor-section-items-middle\" data-id=\"7e37270e\" data-element_type=\"section\" data-settings=\"{&quot;background_background&quot;:&quot;classic&quot;}\">\n\t\t\t\t\t\t<div class=\"elementor-container elementor-column-gap-default\">\n\t\t\t\t\t<div class=\"elementor-column elementor-col-100 elementor-top-column elementor-element elementor-element-7df5ce94\" data-id=\"7df5ce94\" data-element_type=\"column\">\n\t\t\t<div class=\"elementor-widget-wrap\">\n\t\t\t\t\t\t\t<\/div>\n\t\t<\/div>\n\t\t\t\t\t<\/div>\n\t\t<\/section>\n\t\t\t\t<section class=\"elementor-section elementor-top-section elementor-element elementor-element-12edd55a elementor-section-full_width elementor-section-height-min-height elementor-section-height-default elementor-section-items-middle\" data-id=\"12edd55a\" data-element_type=\"section\">\n\t\t\t\t\t\t<div class=\"elementor-container elementor-column-gap-default\">\n\t\t\t\t\t<div class=\"elementor-column elementor-col-50 elementor-top-column elementor-element elementor-element-2df86cb\" data-id=\"2df86cb\" data-element_type=\"column\" data-settings=\"{&quot;background_background&quot;:&quot;classic&quot;}\">\n\t\t\t<div class=\"elementor-widget-wrap elementor-element-populated\">\n\t\t\t\t\t\t<section class=\"elementor-section elementor-inner-section elementor-element elementor-element-2cdfe879 elementor-section-boxed elementor-section-height-default elementor-section-height-default\" data-id=\"2cdfe879\" data-element_type=\"section\">\n\t\t\t\t\t\t<div class=\"elementor-container elementor-column-gap-default\">\n\t\t\t\t\t<div class=\"elementor-column elementor-col-100 elementor-inner-column elementor-element elementor-element-711dbc94\" data-id=\"711dbc94\" data-element_type=\"column\">\n\t\t\t<div class=\"elementor-widget-wrap elementor-element-populated\">\n\t\t\t\t\t\t<div class=\"elementor-element elementor-element-51425012 elementor-invisible elementor-widget elementor-widget-breadcrumbs\" data-id=\"51425012\" data-element_type=\"widget\" data-settings=\"{&quot;_animation&quot;:&quot;fadeInLeft&quot;}\" data-widget_type=\"breadcrumbs.default\">\n\t\t\t\t<div class=\"elementor-widget-container\">\n\t\t\t\t\t<p id=\"breadcrumbs\"><span><span><a href=\"https:\/\/colaistenaomheoin.ie\/\">Home<\/a><\/span><\/span><\/p>\t\t\t\t<\/div>\n\t\t\t\t<\/div>\n\t\t\t\t\t<\/div>\n\t\t<\/div>\n\t\t\t\t\t<\/div>\n\t\t<\/section>\n\t\t\t\t<div class=\"elementor-element elementor-element-3422d5bc elementor-widget elementor-widget-spacer\" data-id=\"3422d5bc\" data-element_type=\"widget\" data-widget_type=\"spacer.default\">\n\t\t\t\t<div class=\"elementor-widget-container\">\n\t\t\t\t\t\t\t<div class=\"elementor-spacer\">\n\t\t\t<div class=\"elementor-spacer-inner\"><\/div>\n\t\t<\/div>\n\t\t\t\t\t\t<\/div>\n\t\t\t\t<\/div>\n\t\t\t\t\t<\/div>\n\t\t<\/div>\n\t\t\t\t<div class=\"elementor-column elementor-col-50 elementor-top-column elementor-element elementor-element-773d5001\" data-id=\"773d5001\" data-element_type=\"column\" data-settings=\"{&quot;background_background&quot;:&quot;classic&quot;}\">\n\t\t\t<div class=\"elementor-widget-wrap\">\n\t\t\t\t\t\t\t<\/div>\n\t\t<\/div>\n\t\t\t\t\t<\/div>\n\t\t<\/section>\n\t\t\t\t<section class=\"elementor-section elementor-top-section elementor-element elementor-element-163b9838 elementor-section-content-middle elementor-section-boxed elementor-section-height-default elementor-section-height-default\" data-id=\"163b9838\" data-element_type=\"section\">\n\t\t\t\t\t\t<div class=\"elementor-container elementor-column-gap-no\">\n\t\t\t\t\t<div class=\"elementor-column elementor-col-50 elementor-top-column elementor-element elementor-element-4a81b5b2\" data-id=\"4a81b5b2\" data-element_type=\"column\">\n\t\t\t<div class=\"elementor-widget-wrap elementor-element-populated\">\n\t\t\t\t\t\t<div class=\"elementor-element elementor-element-5dfc9bbe elementor-widget elementor-widget-heading\" data-id=\"5dfc9bbe\" data-element_type=\"widget\" data-widget_type=\"heading.default\">\n\t\t\t\t<div class=\"elementor-widget-container\">\n\t\t\t\t\t<h4 class=\"elementor-heading-title elementor-size-default\">Taca\u00edoacht<\/h4>\t\t\t\t<\/div>\n\t\t\t\t<\/div>\n\t\t\t\t<div class=\"elementor-element elementor-element-1b15661d elementor-widget-divider--view-line elementor-invisible elementor-widget elementor-widget-divider\" data-id=\"1b15661d\" data-element_type=\"widget\" data-settings=\"{&quot;_animation&quot;:&quot;fadeInLeft&quot;}\" data-widget_type=\"divider.default\">\n\t\t\t\t<div class=\"elementor-widget-container\">\n\t\t\t\t\t\t\t<div class=\"elementor-divider\">\n\t\t\t<span class=\"elementor-divider-separator\">\n\t\t\t\t\t\t<\/span>\n\t\t<\/div>\n\t\t\t\t\t\t<\/div>\n\t\t\t\t<\/div>\n\t\t\t\t\t<\/div>\n\t\t<\/div>\n\t\t\t\t<div class=\"elementor-column elementor-col-50 elementor-top-column elementor-element elementor-element-4fc5cda0\" data-id=\"4fc5cda0\" data-element_type=\"column\">\n\t\t\t<div class=\"elementor-widget-wrap elementor-element-populated\">\n\t\t\t\t\t\t<div class=\"elementor-element elementor-element-606b78f1 elementor-widget__width-initial elementor-widget elementor-widget-text-editor\" data-id=\"606b78f1\" data-element_type=\"widget\" data-widget_type=\"text-editor.default\">\n\t\t\t\t<div class=\"elementor-widget-container\">\n\t\t\t\t\t\t\t\t\t<header class=\"page-header\"><\/header><div class=\"page-content\"><p>We strive to create an inclusive environment where all students can thrive. Additional support is available to students through our special needs assistant and other means. If you have questions relating to additional educational needs for current or prospective students please reach out to us.<\/p><\/div>\t\t\t\t\t\t\t\t<\/div>\n\t\t\t\t<\/div>\n\t\t\t\t\t<\/div>\n\t\t<\/div>\n\t\t\t\t\t<\/div>\n\t\t<\/section>\n\t\t\t\t<section class=\"elementor-section elementor-top-section elementor-element elementor-element-3013f1b5 elementor-section-boxed elementor-section-height-default elementor-section-height-default\" data-id=\"3013f1b5\" data-element_type=\"section\">\n\t\t\t\t\t\t<div class=\"elementor-container elementor-column-gap-default\">\n\t\t\t\t\t<div class=\"elementor-column elementor-col-100 elementor-top-column elementor-element elementor-element-56b10b91\" data-id=\"56b10b91\" data-element_type=\"column\">\n\t\t\t<div class=\"elementor-widget-wrap\">\n\t\t\t\t\t\t\t<\/div>\n\t\t<\/div>\n\t\t\t\t\t<\/div>\n\t\t<\/section>\n\t\t\t\t<section class=\"elementor-section elementor-top-section elementor-element elementor-element-5b21a894 elementor-section-boxed elementor-section-height-default elementor-section-height-default\" data-id=\"5b21a894\" data-element_type=\"section\">\n\t\t\t\t\t\t<div class=\"elementor-container elementor-column-gap-default\">\n\t\t\t\t\t<div class=\"elementor-column elementor-col-100 elementor-top-column elementor-element elementor-element-4e7a2e0f\" data-id=\"4e7a2e0f\" data-element_type=\"column\">\n\t\t\t<div class=\"elementor-widget-wrap\">\n\t\t\t\t\t\t\t<\/div>\n\t\t<\/div>\n\t\t\t\t\t<\/div>\n\t\t<\/section>\n\t\t\t\t<\/div>","protected":false},"excerpt":{"rendered":"<p>Taca\u00edoacht D\u00e9anaimid \u00e1r nd\u00edcheall timpeallacht chuimsitheach a chruth\u00fa ina bhf\u00e9adfaidh gach scol\u00e1ire rath\u00fa. T\u00e1 taca\u00edocht bhreise ar f\u00e1il do scol\u00e1ir\u00ed tr\u00ed \u00e1r gC\u00fant\u00f3ir Riachtanas Speisialta agus ar bheala\u00ed eile. M\u00e1 t\u00e1 ceisteanna agat maidir le riachtanais oideachais bhreise do scol\u00e1ir\u00ed reatha n\u00f3 ionchasacha, d\u00e9an teagmh\u00e1il linn, le do thoil.<\/p>","protected":false},"author":1,"featured_media":0,"parent":0,"menu_order":0,"comment_status":"closed","ping_status":"closed","template":"","meta":{"footnotes":""},"class_list":["post-1844","page","type-page","status-publish","hentry"],"yoast_head":"<!-- This site is optimized with the Yoast SEO plugin v26.3 - https:\/\/yoast.com\/wordpress\/plugins\/seo\/ -->\n<title>Taca\u00edocht Oideachais Breise - Colaiste Naomh Eoin<\/title>\n<meta name=\"description\" content=\"Located on the idyllic Inis Me\u00e1in, Col\u00e1iste Naomh Eoin is one of the most sought after Irish language boarding Secondary schools in Ireland\" \/>\n<meta name=\"robots\" content=\"index, follow, max-snippet:-1, max-image-preview:large, max-video-preview:-1\" \/>\n<link rel=\"canonical\" href=\"https:\/\/colaistenaomheoin.ie\/en\/tacaiocht-oideachais-breise\/\" \/>\n<meta property=\"og:locale\" content=\"en_GB\" \/>\n<meta property=\"og:type\" content=\"article\" \/>\n<meta property=\"og:title\" content=\"Taca\u00edocht Oideachais Breise - Colaiste Naomh Eoin\" \/>\n<meta property=\"og:description\" content=\"Located on the idyllic Inis Me\u00e1in, Col\u00e1iste Naomh Eoin is one of the most sought after Irish language boarding Secondary schools in Ireland\" \/>\n<meta property=\"og:url\" content=\"https:\/\/colaistenaomheoin.ie\/en\/tacaiocht-oideachais-breise\/\" \/>\n<meta property=\"og:site_name\" content=\"Colaiste Naomh Eoin\" \/>\n<meta property=\"article:publisher\" content=\"https:\/\/www.facebook.com\/ColNaomhEoin\/\" \/>\n<meta property=\"article:modified_time\" content=\"2025-12-18T19:31:47+00:00\" \/>\n<meta property=\"og:image\" content=\"https:\/\/colaistenaomheoin.ie\/wp-content\/uploads\/2021\/11\/Colaiste-Eoin-Logo-Sidebar.png\" \/>\n\t<meta property=\"og:image:width\" content=\"160\" \/>\n\t<meta property=\"og:image:height\" content=\"180\" \/>\n\t<meta property=\"og:image:type\" content=\"image\/png\" \/>\n<meta name=\"twitter:card\" content=\"summary_large_image\" \/>\n<meta name=\"twitter:site\" content=\"@Col_Naomh_Eoin\" \/>\n<script type=\"application\/ld+json\" class=\"yoast-schema-graph\">{\"@context\":\"https:\/\/schema.org\",\"@graph\":[{\"@type\":\"WebPage\",\"@id\":\"https:\/\/colaistenaomheoin.ie\/en\/tacaiocht-oideachais-breise\/\",\"url\":\"https:\/\/colaistenaomheoin.ie\/en\/tacaiocht-oideachais-breise\/\",\"name\":\"Taca\u00edocht Oideachais Breise - Colaiste Naomh Eoin\",\"isPartOf\":{\"@id\":\"https:\/\/colaistenaomheoin.ie\/#website\"},\"datePublished\":\"2025-12-03T00:13:20+00:00\",\"dateModified\":\"2025-12-18T19:31:47+00:00\",\"description\":\"Located on the idyllic Inis Me\u00e1in, Col\u00e1iste Naomh Eoin is one of the most sought after Irish language boarding Secondary schools in Ireland\",\"breadcrumb\":{\"@id\":\"https:\/\/colaistenaomheoin.ie\/en\/tacaiocht-oideachais-breise\/#breadcrumb\"},\"inLanguage\":\"en-GB\",\"potentialAction\":[{\"@type\":\"ReadAction\",\"target\":[\"https:\/\/colaistenaomheoin.ie\/en\/tacaiocht-oideachais-breise\/\"]}]},{\"@type\":\"BreadcrumbList\",\"@id\":\"https:\/\/colaistenaomheoin.ie\/en\/tacaiocht-oideachais-breise\/#breadcrumb\",\"itemListElement\":[{\"@type\":\"ListItem\",\"position\":1,\"name\":\"Baile\",\"item\":\"https:\/\/colaistenaomheoin.ie\/\"},{\"@type\":\"ListItem\",\"position\":2,\"name\":\"Taca\u00edocht Oideachais Breise\"}]},{\"@type\":\"WebSite\",\"@id\":\"https:\/\/colaistenaomheoin.ie\/#website\",\"url\":\"https:\/\/colaistenaomheoin.ie\/\",\"name\":\"Colaiste Naomh Eoin\",\"description\":\"\",\"publisher\":{\"@id\":\"https:\/\/colaistenaomheoin.ie\/#organization\"},\"potentialAction\":[{\"@type\":\"SearchAction\",\"target\":{\"@type\":\"EntryPoint\",\"urlTemplate\":\"https:\/\/colaistenaomheoin.ie\/?s={search_term_string}\"},\"query-input\":{\"@type\":\"PropertyValueSpecification\",\"valueRequired\":true,\"valueName\":\"search_term_string\"}}],\"inLanguage\":\"en-GB\"},{\"@type\":\"Organization\",\"@id\":\"https:\/\/colaistenaomheoin.ie\/#organization\",\"name\":\"Col\u00e1iste Naomh Eoin\",\"url\":\"https:\/\/colaistenaomheoin.ie\/\",\"logo\":{\"@type\":\"ImageObject\",\"inLanguage\":\"en-GB\",\"@id\":\"https:\/\/colaistenaomheoin.ie\/#\/schema\/logo\/image\/\",\"url\":\"https:\/\/colaistenaomheoin.ie\/wp-content\/uploads\/2021\/11\/Colaiste-Eoin-Logo-Sidebar.png\",\"contentUrl\":\"https:\/\/colaistenaomheoin.ie\/wp-content\/uploads\/2021\/11\/Colaiste-Eoin-Logo-Sidebar.png\",\"width\":160,\"height\":180,\"caption\":\"Col\u00e1iste Naomh Eoin\"},\"image\":{\"@id\":\"https:\/\/colaistenaomheoin.ie\/#\/schema\/logo\/image\/\"},\"sameAs\":[\"https:\/\/www.facebook.com\/ColNaomhEoin\/\",\"https:\/\/x.com\/Col_Naomh_Eoin\",\"https:\/\/www.instagram.com\/colaistenaomheoin\/\"]}]}<\/script>\n<!-- \/ Yoast SEO plugin. -->","yoast_head_json":{"title":"Taca\u00edocht Oideachais Breise - Colaiste Naomh Eoin","description":"Located on the idyllic Inis Me\u00e1in, Col\u00e1iste Naomh Eoin is one of the most sought after Irish language boarding Secondary schools in Ireland","robots":{"index":"index","follow":"follow","max-snippet":"max-snippet:-1","max-image-preview":"max-image-preview:large","max-video-preview":"max-video-preview:-1"},"canonical":"https:\/\/colaistenaomheoin.ie\/en\/tacaiocht-oideachais-breise\/","og_locale":"en_GB","og_type":"article","og_title":"Taca\u00edocht Oideachais Breise - Colaiste Naomh Eoin","og_description":"Located on the idyllic Inis Me\u00e1in, Col\u00e1iste Naomh Eoin is one of the most sought after Irish language boarding Secondary schools in Ireland","og_url":"https:\/\/colaistenaomheoin.ie\/en\/tacaiocht-oideachais-breise\/","og_site_name":"Colaiste Naomh Eoin","article_publisher":"https:\/\/www.facebook.com\/ColNaomhEoin\/","article_modified_time":"2025-12-18T19:31:47+00:00","og_image":[{"width":160,"height":180,"url":"https:\/\/colaistenaomheoin.ie\/wp-content\/uploads\/2021\/11\/Colaiste-Eoin-Logo-Sidebar.png","type":"image\/png"}],"twitter_card":"summary_large_image","twitter_site":"@Col_Naomh_Eoin","schema":{"@context":"https:\/\/schema.org","@graph":[{"@type":"WebPage","@id":"https:\/\/colaistenaomheoin.ie\/en\/tacaiocht-oideachais-breise\/","url":"https:\/\/colaistenaomheoin.ie\/en\/tacaiocht-oideachais-breise\/","name":"Taca\u00edocht Oideachais Breise - Colaiste Naomh Eoin","isPartOf":{"@id":"https:\/\/colaistenaomheoin.ie\/#website"},"datePublished":"2025-12-03T00:13:20+00:00","dateModified":"2025-12-18T19:31:47+00:00","description":"Located on the idyllic Inis Me\u00e1in, Col\u00e1iste Naomh Eoin is one of the most sought after Irish language boarding Secondary schools in Ireland","breadcrumb":{"@id":"https:\/\/colaistenaomheoin.ie\/en\/tacaiocht-oideachais-breise\/#breadcrumb"},"inLanguage":"en-GB","potentialAction":[{"@type":"ReadAction","target":["https:\/\/colaistenaomheoin.ie\/en\/tacaiocht-oideachais-breise\/"]}]},{"@type":"BreadcrumbList","@id":"https:\/\/colaistenaomheoin.ie\/en\/tacaiocht-oideachais-breise\/#breadcrumb","itemListElement":[{"@type":"ListItem","position":1,"name":"Baile","item":"https:\/\/colaistenaomheoin.ie\/"},{"@type":"ListItem","position":2,"name":"Taca\u00edocht Oideachais Breise"}]},{"@type":"WebSite","@id":"https:\/\/colaistenaomheoin.ie\/#website","url":"https:\/\/colaistenaomheoin.ie\/","name":"Colaiste Naomh Eoin","description":"","publisher":{"@id":"https:\/\/colaistenaomheoin.ie\/#organization"},"potentialAction":[{"@type":"SearchAction","target":{"@type":"EntryPoint","urlTemplate":"https:\/\/colaistenaomheoin.ie\/?s={search_term_string}"},"query-input":{"@type":"PropertyValueSpecification","valueRequired":true,"valueName":"search_term_string"}}],"inLanguage":"en-GB"},{"@type":"Organization","@id":"https:\/\/colaistenaomheoin.ie\/#organization","name":"Col\u00e1iste Naomh Eoin","url":"https:\/\/colaistenaomheoin.ie\/","logo":{"@type":"ImageObject","inLanguage":"en-GB","@id":"https:\/\/colaistenaomheoin.ie\/#\/schema\/logo\/image\/","url":"https:\/\/colaistenaomheoin.ie\/wp-content\/uploads\/2021\/11\/Colaiste-Eoin-Logo-Sidebar.png","contentUrl":"https:\/\/colaistenaomheoin.ie\/wp-content\/uploads\/2021\/11\/Colaiste-Eoin-Logo-Sidebar.png","width":160,"height":180,"caption":"Col\u00e1iste Naomh Eoin"},"image":{"@id":"https:\/\/colaistenaomheoin.ie\/#\/schema\/logo\/image\/"},"sameAs":["https:\/\/www.facebook.com\/ColNaomhEoin\/","https:\/\/x.com\/Col_Naomh_Eoin","https:\/\/www.instagram.com\/colaistenaomheoin\/"]}]}},"_links":{"self":[{"href":"https:\/\/colaistenaomheoin.ie\/en\/wp-json\/wp\/v2\/pages\/1844","targetHints":{"allow":["GET"]}}],"collection":[{"href":"https:\/\/colaistenaomheoin.ie\/en\/wp-json\/wp\/v2\/pages"}],"about":[{"href":"https:\/\/colaistenaomheoin.ie\/en\/wp-json\/wp\/v2\/types\/page"}],"author":[{"embeddable":true,"href":"https:\/\/colaistenaomheoin.ie\/en\/wp-json\/wp\/v2\/users\/1"}],"replies":[{"embeddable":true,"href":"https:\/\/colaistenaomheoin.ie\/en\/wp-json\/wp\/v2\/comments?post=1844"}],"version-history":[{"count":16,"href":"https:\/\/colaistenaomheoin.ie\/en\/wp-json\/wp\/v2\/pages\/1844\/revisions"}],"predecessor-version":[{"id":1968,"href":"https:\/\/colaistenaomheoin.ie\/en\/wp-json\/wp\/v2\/pages\/1844\/revisions\/1968"}],"wp:attachment":[{"href":"https:\/\/colaistenaomheoin.ie\/en\/wp-json\/wp\/v2\/media?parent=1844"}],"curies":[{"name":"wp","href":"https:\/\/api.w.org\/{rel}","templated":true}]}}