{"id":1810,"date":"2025-12-02T23:37:07","date_gmt":"2025-12-02T23:37:07","guid":{"rendered":"https:\/\/colaistenaomheoin.ie\/?page_id=1810"},"modified":"2026-01-14T16:46:32","modified_gmt":"2026-01-14T16:46:32","slug":"eolai-og","status":"publish","type":"page","link":"https:\/\/colaistenaomheoin.ie\/en\/eolai-og\/","title":{"rendered":"Young Scientist Exhibition"},"content":{"rendered":"<div data-elementor-type=\"wp-page\" data-elementor-id=\"1810\" class=\"elementor elementor-1810\" data-elementor-post-type=\"page\">\n\t\t\t\t\t\t<section class=\"elementor-section elementor-top-section elementor-element elementor-element-5beab0f9 elementor-section-boxed elementor-section-height-default elementor-section-height-default\" data-id=\"5beab0f9\" data-element_type=\"section\">\n\t\t\t\t\t\t<div class=\"elementor-container elementor-column-gap-default\">\n\t\t\t\t\t<div class=\"elementor-column elementor-col-100 elementor-top-column elementor-element elementor-element-1465e16e\" data-id=\"1465e16e\" data-element_type=\"column\">\n\t\t\t<div class=\"elementor-widget-wrap\">\n\t\t\t\t\t\t\t<\/div>\n\t\t<\/div>\n\t\t\t\t\t<\/div>\n\t\t<\/section>\n\t\t\t\t<section class=\"elementor-section elementor-top-section elementor-element elementor-element-75329f14 elementor-section-full_width elementor-section-height-min-height elementor-section-items-stretch elementor-section-height-default\" data-id=\"75329f14\" data-element_type=\"section\" data-settings=\"{&quot;background_background&quot;:&quot;classic&quot;}\">\n\t\t\t\t\t\t<div class=\"elementor-container elementor-column-gap-default\">\n\t\t\t\t\t<div class=\"elementor-column elementor-col-100 elementor-top-column elementor-element elementor-element-22f46185\" data-id=\"22f46185\" data-element_type=\"column\">\n\t\t\t<div class=\"elementor-widget-wrap\">\n\t\t\t\t\t\t\t<\/div>\n\t\t<\/div>\n\t\t\t\t\t<\/div>\n\t\t<\/section>\n\t\t\t\t<section class=\"elementor-section elementor-top-section elementor-element elementor-element-20784b17 elementor-section-full_width elementor-section-height-min-height elementor-section-height-default elementor-section-items-middle\" data-id=\"20784b17\" data-element_type=\"section\">\n\t\t\t\t\t\t<div class=\"elementor-container elementor-column-gap-default\">\n\t\t\t\t\t<div class=\"elementor-column elementor-col-50 elementor-top-column elementor-element elementor-element-5e7e6c74\" data-id=\"5e7e6c74\" data-element_type=\"column\" data-settings=\"{&quot;background_background&quot;:&quot;classic&quot;}\">\n\t\t\t<div class=\"elementor-widget-wrap elementor-element-populated\">\n\t\t\t\t\t\t<section class=\"elementor-section elementor-inner-section elementor-element elementor-element-3c31844b elementor-section-boxed elementor-section-height-default elementor-section-height-default\" data-id=\"3c31844b\" data-element_type=\"section\">\n\t\t\t\t\t\t<div class=\"elementor-container elementor-column-gap-default\">\n\t\t\t\t\t<div class=\"elementor-column elementor-col-100 elementor-inner-column elementor-element elementor-element-8a71fa0\" data-id=\"8a71fa0\" data-element_type=\"column\">\n\t\t\t<div class=\"elementor-widget-wrap elementor-element-populated\">\n\t\t\t\t\t\t<div class=\"elementor-element elementor-element-7347cf4a elementor-invisible elementor-widget elementor-widget-breadcrumbs\" data-id=\"7347cf4a\" data-element_type=\"widget\" data-settings=\"{&quot;_animation&quot;:&quot;fadeInLeft&quot;}\" data-widget_type=\"breadcrumbs.default\">\n\t\t\t\t<div class=\"elementor-widget-container\">\n\t\t\t\t\t<p id=\"breadcrumbs\"><span><span><a href=\"https:\/\/colaistenaomheoin.ie\/\">Home<\/a><\/span><\/span><\/p>\t\t\t\t<\/div>\n\t\t\t\t<\/div>\n\t\t\t\t\t<\/div>\n\t\t<\/div>\n\t\t\t\t\t<\/div>\n\t\t<\/section>\n\t\t\t\t<div class=\"elementor-element elementor-element-ff6ea5 elementor-widget elementor-widget-spacer\" data-id=\"ff6ea5\" data-element_type=\"widget\" data-widget_type=\"spacer.default\">\n\t\t\t\t<div class=\"elementor-widget-container\">\n\t\t\t\t\t\t\t<div class=\"elementor-spacer\">\n\t\t\t<div class=\"elementor-spacer-inner\"><\/div>\n\t\t<\/div>\n\t\t\t\t\t\t<\/div>\n\t\t\t\t<\/div>\n\t\t\t\t\t<\/div>\n\t\t<\/div>\n\t\t\t\t<div class=\"elementor-column elementor-col-50 elementor-top-column elementor-element elementor-element-141360a7\" data-id=\"141360a7\" data-element_type=\"column\" data-settings=\"{&quot;background_background&quot;:&quot;classic&quot;}\">\n\t\t\t<div class=\"elementor-widget-wrap\">\n\t\t\t\t\t\t\t<\/div>\n\t\t<\/div>\n\t\t\t\t\t<\/div>\n\t\t<\/section>\n\t\t\t\t<section class=\"elementor-section elementor-top-section elementor-element elementor-element-57b36a0f elementor-section-content-middle elementor-section-boxed elementor-section-height-default elementor-section-height-default\" data-id=\"57b36a0f\" data-element_type=\"section\">\n\t\t\t\t\t\t<div class=\"elementor-container elementor-column-gap-no\">\n\t\t\t\t\t<div class=\"elementor-column elementor-col-50 elementor-top-column elementor-element elementor-element-6f0c0634\" data-id=\"6f0c0634\" data-element_type=\"column\">\n\t\t\t<div class=\"elementor-widget-wrap elementor-element-populated\">\n\t\t\t\t\t\t<div class=\"elementor-element elementor-element-4cea7ac7 elementor-widget elementor-widget-heading\" data-id=\"4cea7ac7\" data-element_type=\"widget\" data-widget_type=\"heading.default\">\n\t\t\t\t<div class=\"elementor-widget-container\">\n\t\t\t\t\t<h4 class=\"elementor-heading-title elementor-size-default\">Young Scientist Exhibition<\/h4>\t\t\t\t<\/div>\n\t\t\t\t<\/div>\n\t\t\t\t<div class=\"elementor-element elementor-element-259e286f elementor-widget-divider--view-line elementor-invisible elementor-widget elementor-widget-divider\" data-id=\"259e286f\" data-element_type=\"widget\" data-settings=\"{&quot;_animation&quot;:&quot;fadeInLeft&quot;}\" data-widget_type=\"divider.default\">\n\t\t\t\t<div class=\"elementor-widget-container\">\n\t\t\t\t\t\t\t<div class=\"elementor-divider\">\n\t\t\t<span class=\"elementor-divider-separator\">\n\t\t\t\t\t\t<\/span>\n\t\t<\/div>\n\t\t\t\t\t\t<\/div>\n\t\t\t\t<\/div>\n\t\t\t\t\t<\/div>\n\t\t<\/div>\n\t\t\t\t<div class=\"elementor-column elementor-col-50 elementor-top-column elementor-element elementor-element-72d921b6\" data-id=\"72d921b6\" data-element_type=\"column\">\n\t\t\t<div class=\"elementor-widget-wrap elementor-element-populated\">\n\t\t\t\t\t\t<div class=\"elementor-element elementor-element-3d2c8062 elementor-widget elementor-widget-text-editor\" data-id=\"3d2c8062\" data-element_type=\"widget\" data-widget_type=\"text-editor.default\">\n\t\t\t\t<div class=\"elementor-widget-container\">\n\t\t\t\t\t\t\t\t\t<header><\/header><div><p>Col\u00e1iste Naomh Eoin are long time participants of, and frequent winners at the annual Young Scientist and Technology Exhibition. All students are encouraged to take part and each year we exhibit several projects, many of which use the island landscape as their natural laboratory!<\/p><\/div>\t\t\t\t\t\t\t\t<\/div>\n\t\t\t\t<\/div>\n\t\t\t\t\t<\/div>\n\t\t<\/div>\n\t\t\t\t\t<\/div>\n\t\t<\/section>\n\t\t\t\t<section class=\"elementor-section elementor-top-section elementor-element elementor-element-fecff0f elementor-section-boxed elementor-section-height-default elementor-section-height-default\" data-id=\"fecff0f\" data-element_type=\"section\">\n\t\t\t\t\t\t<div class=\"elementor-container elementor-column-gap-default\">\n\t\t\t\t\t<div class=\"elementor-column elementor-col-100 elementor-top-column elementor-element elementor-element-9dc899a\" data-id=\"9dc899a\" data-element_type=\"column\">\n\t\t\t<div class=\"elementor-widget-wrap elementor-element-populated\">\n\t\t\t\t\t\t<section class=\"elementor-section elementor-inner-section elementor-element elementor-element-a78a953 elementor-section-boxed elementor-section-height-default elementor-section-height-default\" data-id=\"a78a953\" data-element_type=\"section\">\n\t\t\t\t\t\t<div class=\"elementor-container elementor-column-gap-default\">\n\t\t\t\t\t<div class=\"elementor-column elementor-col-50 elementor-inner-column elementor-element elementor-element-1e49fe3\" data-id=\"1e49fe3\" data-element_type=\"column\">\n\t\t\t<div class=\"elementor-widget-wrap elementor-element-populated\">\n\t\t\t\t\t\t<div class=\"elementor-element elementor-element-af73506 elementor-widget elementor-widget-image\" data-id=\"af73506\" data-element_type=\"widget\" data-widget_type=\"image.default\">\n\t\t\t\t<div class=\"elementor-widget-container\">\n\t\t\t\t\t\t\t\t\t\t\t\t\t\t\t<img fetchpriority=\"high\" decoding=\"async\" width=\"800\" height=\"533\" src=\"https:\/\/colaistenaomheoin.ie\/wp-content\/uploads\/2025\/12\/a672ceb9-1c59-4e02-afb5-ed13a962bef6-1024x682.jpg\" class=\"attachment-large size-large wp-image-1921\" alt=\"\" srcset=\"https:\/\/colaistenaomheoin.ie\/wp-content\/uploads\/2025\/12\/a672ceb9-1c59-4e02-afb5-ed13a962bef6-1024x682.jpg 1024w, https:\/\/colaistenaomheoin.ie\/wp-content\/uploads\/2025\/12\/a672ceb9-1c59-4e02-afb5-ed13a962bef6-300x200.jpg 300w, https:\/\/colaistenaomheoin.ie\/wp-content\/uploads\/2025\/12\/a672ceb9-1c59-4e02-afb5-ed13a962bef6-768x512.jpg 768w, https:\/\/colaistenaomheoin.ie\/wp-content\/uploads\/2025\/12\/a672ceb9-1c59-4e02-afb5-ed13a962bef6-1536x1023.jpg 1536w, https:\/\/colaistenaomheoin.ie\/wp-content\/uploads\/2025\/12\/a672ceb9-1c59-4e02-afb5-ed13a962bef6-18x12.jpg 18w, https:\/\/colaistenaomheoin.ie\/wp-content\/uploads\/2025\/12\/a672ceb9-1c59-4e02-afb5-ed13a962bef6.jpg 2048w\" sizes=\"(max-width: 800px) 100vw, 800px\" \/>\t\t\t\t\t\t\t\t\t\t\t\t\t\t\t<\/div>\n\t\t\t\t<\/div>\n\t\t\t\t\t<\/div>\n\t\t<\/div>\n\t\t\t\t<div class=\"elementor-column elementor-col-50 elementor-inner-column elementor-element elementor-element-0fd3af8\" data-id=\"0fd3af8\" data-element_type=\"column\">\n\t\t\t<div class=\"elementor-widget-wrap elementor-element-populated\">\n\t\t\t\t\t\t<div class=\"elementor-element elementor-element-bd0231e elementor-widget elementor-widget-image\" data-id=\"bd0231e\" data-element_type=\"widget\" data-widget_type=\"image.default\">\n\t\t\t\t<div class=\"elementor-widget-container\">\n\t\t\t\t\t\t\t\t\t\t\t\t\t\t\t<img decoding=\"async\" width=\"800\" height=\"534\" src=\"https:\/\/colaistenaomheoin.ie\/wp-content\/uploads\/2025\/12\/1011133b-2ec3-4837-ab38-a03cf295b51a-1024x683.jpg\" class=\"attachment-large size-large wp-image-1919\" alt=\"\" srcset=\"https:\/\/colaistenaomheoin.ie\/wp-content\/uploads\/2025\/12\/1011133b-2ec3-4837-ab38-a03cf295b51a-1024x683.jpg 1024w, https:\/\/colaistenaomheoin.ie\/wp-content\/uploads\/2025\/12\/1011133b-2ec3-4837-ab38-a03cf295b51a-300x200.jpg 300w, https:\/\/colaistenaomheoin.ie\/wp-content\/uploads\/2025\/12\/1011133b-2ec3-4837-ab38-a03cf295b51a-768x512.jpg 768w, https:\/\/colaistenaomheoin.ie\/wp-content\/uploads\/2025\/12\/1011133b-2ec3-4837-ab38-a03cf295b51a-1536x1024.jpg 1536w, https:\/\/colaistenaomheoin.ie\/wp-content\/uploads\/2025\/12\/1011133b-2ec3-4837-ab38-a03cf295b51a-18x12.jpg 18w, https:\/\/colaistenaomheoin.ie\/wp-content\/uploads\/2025\/12\/1011133b-2ec3-4837-ab38-a03cf295b51a.jpg 2048w\" sizes=\"(max-width: 800px) 100vw, 800px\" \/>\t\t\t\t\t\t\t\t\t\t\t\t\t\t\t<\/div>\n\t\t\t\t<\/div>\n\t\t\t\t\t<\/div>\n\t\t<\/div>\n\t\t\t\t\t<\/div>\n\t\t<\/section>\n\t\t\t\t\t<\/div>\n\t\t<\/div>\n\t\t\t\t\t<\/div>\n\t\t<\/section>\n\t\t\t\t<section class=\"elementor-section elementor-top-section elementor-element elementor-element-6de3b4b2 elementor-section-boxed elementor-section-height-default elementor-section-height-default\" data-id=\"6de3b4b2\" data-element_type=\"section\">\n\t\t\t\t\t\t<div class=\"elementor-container elementor-column-gap-default\">\n\t\t\t\t\t<div class=\"elementor-column elementor-col-100 elementor-top-column elementor-element elementor-element-47d0ca43\" data-id=\"47d0ca43\" data-element_type=\"column\">\n\t\t\t<div class=\"elementor-widget-wrap elementor-element-populated\">\n\t\t\t\t\t\t<section class=\"elementor-section elementor-inner-section elementor-element elementor-element-b0f0fd0 elementor-section-boxed elementor-section-height-default elementor-section-height-default\" data-id=\"b0f0fd0\" data-element_type=\"section\">\n\t\t\t\t\t\t<div class=\"elementor-container elementor-column-gap-default\">\n\t\t\t\t\t<div class=\"elementor-column elementor-col-100 elementor-inner-column elementor-element elementor-element-e7541a3\" data-id=\"e7541a3\" data-element_type=\"column\">\n\t\t\t<div class=\"elementor-widget-wrap elementor-element-populated\">\n\t\t\t\t\t\t<div class=\"elementor-element elementor-element-bba5739 elementor-widget elementor-widget-image\" data-id=\"bba5739\" data-element_type=\"widget\" data-widget_type=\"image.default\">\n\t\t\t\t<div class=\"elementor-widget-container\">\n\t\t\t\t\t\t\t\t\t\t\t\t\t\t\t<img decoding=\"async\" width=\"800\" height=\"634\" src=\"https:\/\/colaistenaomheoin.ie\/wp-content\/uploads\/2026\/01\/IMG_9928-scaled-e1768406095944-1024x811.jpeg\" class=\"attachment-large size-large wp-image-2080\" alt=\"\" srcset=\"https:\/\/colaistenaomheoin.ie\/wp-content\/uploads\/2026\/01\/IMG_9928-scaled-e1768406095944-1024x811.jpeg 1024w, https:\/\/colaistenaomheoin.ie\/wp-content\/uploads\/2026\/01\/IMG_9928-scaled-e1768406095944-300x238.jpeg 300w, https:\/\/colaistenaomheoin.ie\/wp-content\/uploads\/2026\/01\/IMG_9928-scaled-e1768406095944-768x608.jpeg 768w, https:\/\/colaistenaomheoin.ie\/wp-content\/uploads\/2026\/01\/IMG_9928-scaled-e1768406095944-1536x1216.jpeg 1536w, https:\/\/colaistenaomheoin.ie\/wp-content\/uploads\/2026\/01\/IMG_9928-scaled-e1768406095944-15x12.jpeg 15w, https:\/\/colaistenaomheoin.ie\/wp-content\/uploads\/2026\/01\/IMG_9928-scaled-e1768406095944.jpeg 1920w\" sizes=\"(max-width: 800px) 100vw, 800px\" \/>\t\t\t\t\t\t\t\t\t\t\t\t\t\t\t<\/div>\n\t\t\t\t<\/div>\n\t\t\t\t\t<\/div>\n\t\t<\/div>\n\t\t\t\t\t<\/div>\n\t\t<\/section>\n\t\t\t\t\t<\/div>\n\t\t<\/div>\n\t\t\t\t\t<\/div>\n\t\t<\/section>\n\t\t\t\t<\/div>","protected":false},"excerpt":{"rendered":"<p>Eola\u00ed \u00d3g T\u00e1 Col\u00e1iste Naomh Eoin p\u00e1irteach le fada i nTaispe\u00e1ntas Eola\u00ed \u00d3g agus Teicneola\u00edochta, agus is minic a bh\u00edonn muid i measc na mbuaiteoir\u00ed. Spreagtar gach scol\u00e1ire p\u00e1irt a ghlacadh ann agus gach bliain taispe\u00e1naimid roinnt tionscadal. N\u00ed annamh a \u00fas\u00e1idtear t\u00edrdhreach an oile\u00e1in mar shaotharlann n\u00e1d\u00fartha!<\/p>","protected":false},"author":1,"featured_media":0,"parent":0,"menu_order":0,"comment_status":"closed","ping_status":"closed","template":"","meta":{"footnotes":""},"class_list":["post-1810","page","type-page","status-publish","hentry"],"yoast_head":"<!-- This site is optimized with the Yoast SEO plugin v26.3 - https:\/\/yoast.com\/wordpress\/plugins\/seo\/ -->\n<title>Eola\u00ed \u00d3g - Colaiste Naomh Eoin<\/title>\n<meta name=\"description\" content=\"Located on the idyllic Inis Me\u00e1in, Col\u00e1iste Naomh Eoin is one of the most sought after Irish language boarding Secondary schools in Ireland\" \/>\n<meta name=\"robots\" content=\"index, follow, max-snippet:-1, max-image-preview:large, max-video-preview:-1\" \/>\n<link rel=\"canonical\" href=\"https:\/\/colaistenaomheoin.ie\/en\/eolai-og\/\" \/>\n<meta property=\"og:locale\" content=\"en_GB\" \/>\n<meta property=\"og:type\" content=\"article\" \/>\n<meta property=\"og:title\" content=\"Eola\u00ed \u00d3g - Colaiste Naomh Eoin\" \/>\n<meta property=\"og:description\" content=\"Located on the idyllic Inis Me\u00e1in, Col\u00e1iste Naomh Eoin is one of the most sought after Irish language boarding Secondary schools in Ireland\" \/>\n<meta property=\"og:url\" content=\"https:\/\/colaistenaomheoin.ie\/en\/eolai-og\/\" \/>\n<meta property=\"og:site_name\" content=\"Colaiste Naomh Eoin\" \/>\n<meta property=\"article:publisher\" content=\"https:\/\/www.facebook.com\/ColNaomhEoin\/\" \/>\n<meta property=\"article:modified_time\" content=\"2026-01-14T16:46:32+00:00\" \/>\n<meta property=\"og:image\" content=\"https:\/\/colaistenaomheoin.ie\/wp-content\/uploads\/2025\/12\/a672ceb9-1c59-4e02-afb5-ed13a962bef6-1024x682.jpg\" \/>\n<meta name=\"twitter:card\" content=\"summary_large_image\" \/>\n<meta name=\"twitter:site\" content=\"@Col_Naomh_Eoin\" \/>\n<script type=\"application\/ld+json\" class=\"yoast-schema-graph\">{\"@context\":\"https:\/\/schema.org\",\"@graph\":[{\"@type\":\"WebPage\",\"@id\":\"https:\/\/colaistenaomheoin.ie\/en\/eolai-og\/\",\"url\":\"https:\/\/colaistenaomheoin.ie\/en\/eolai-og\/\",\"name\":\"Eola\u00ed \u00d3g - Colaiste Naomh Eoin\",\"isPartOf\":{\"@id\":\"https:\/\/colaistenaomheoin.ie\/#website\"},\"primaryImageOfPage\":{\"@id\":\"https:\/\/colaistenaomheoin.ie\/en\/eolai-og\/#primaryimage\"},\"image\":{\"@id\":\"https:\/\/colaistenaomheoin.ie\/en\/eolai-og\/#primaryimage\"},\"thumbnailUrl\":\"https:\/\/colaistenaomheoin.ie\/wp-content\/uploads\/2025\/12\/a672ceb9-1c59-4e02-afb5-ed13a962bef6-1024x682.jpg\",\"datePublished\":\"2025-12-02T23:37:07+00:00\",\"dateModified\":\"2026-01-14T16:46:32+00:00\",\"description\":\"Located on the idyllic Inis Me\u00e1in, Col\u00e1iste Naomh Eoin is one of the most sought after Irish language boarding Secondary schools in Ireland\",\"breadcrumb\":{\"@id\":\"https:\/\/colaistenaomheoin.ie\/en\/eolai-og\/#breadcrumb\"},\"inLanguage\":\"en-GB\",\"potentialAction\":[{\"@type\":\"ReadAction\",\"target\":[\"https:\/\/colaistenaomheoin.ie\/en\/eolai-og\/\"]}]},{\"@type\":\"ImageObject\",\"inLanguage\":\"en-GB\",\"@id\":\"https:\/\/colaistenaomheoin.ie\/en\/eolai-og\/#primaryimage\",\"url\":\"https:\/\/colaistenaomheoin.ie\/wp-content\/uploads\/2025\/12\/a672ceb9-1c59-4e02-afb5-ed13a962bef6-1024x682.jpg\",\"contentUrl\":\"https:\/\/colaistenaomheoin.ie\/wp-content\/uploads\/2025\/12\/a672ceb9-1c59-4e02-afb5-ed13a962bef6-1024x682.jpg\"},{\"@type\":\"BreadcrumbList\",\"@id\":\"https:\/\/colaistenaomheoin.ie\/en\/eolai-og\/#breadcrumb\",\"itemListElement\":[{\"@type\":\"ListItem\",\"position\":1,\"name\":\"Baile\",\"item\":\"https:\/\/colaistenaomheoin.ie\/\"},{\"@type\":\"ListItem\",\"position\":2,\"name\":\"Eola\u00ed \u00d3g\"}]},{\"@type\":\"WebSite\",\"@id\":\"https:\/\/colaistenaomheoin.ie\/#website\",\"url\":\"https:\/\/colaistenaomheoin.ie\/\",\"name\":\"Colaiste Naomh Eoin\",\"description\":\"\",\"publisher\":{\"@id\":\"https:\/\/colaistenaomheoin.ie\/#organization\"},\"potentialAction\":[{\"@type\":\"SearchAction\",\"target\":{\"@type\":\"EntryPoint\",\"urlTemplate\":\"https:\/\/colaistenaomheoin.ie\/?s={search_term_string}\"},\"query-input\":{\"@type\":\"PropertyValueSpecification\",\"valueRequired\":true,\"valueName\":\"search_term_string\"}}],\"inLanguage\":\"en-GB\"},{\"@type\":\"Organization\",\"@id\":\"https:\/\/colaistenaomheoin.ie\/#organization\",\"name\":\"Col\u00e1iste Naomh Eoin\",\"url\":\"https:\/\/colaistenaomheoin.ie\/\",\"logo\":{\"@type\":\"ImageObject\",\"inLanguage\":\"en-GB\",\"@id\":\"https:\/\/colaistenaomheoin.ie\/#\/schema\/logo\/image\/\",\"url\":\"https:\/\/colaistenaomheoin.ie\/wp-content\/uploads\/2021\/11\/Colaiste-Eoin-Logo-Sidebar.png\",\"contentUrl\":\"https:\/\/colaistenaomheoin.ie\/wp-content\/uploads\/2021\/11\/Colaiste-Eoin-Logo-Sidebar.png\",\"width\":160,\"height\":180,\"caption\":\"Col\u00e1iste Naomh Eoin\"},\"image\":{\"@id\":\"https:\/\/colaistenaomheoin.ie\/#\/schema\/logo\/image\/\"},\"sameAs\":[\"https:\/\/www.facebook.com\/ColNaomhEoin\/\",\"https:\/\/x.com\/Col_Naomh_Eoin\",\"https:\/\/www.instagram.com\/colaistenaomheoin\/\"]}]}<\/script>\n<!-- \/ Yoast SEO plugin. -->","yoast_head_json":{"title":"Eola\u00ed \u00d3g - Colaiste Naomh Eoin","description":"Located on the idyllic Inis Me\u00e1in, Col\u00e1iste Naomh Eoin is one of the most sought after Irish language boarding Secondary schools in Ireland","robots":{"index":"index","follow":"follow","max-snippet":"max-snippet:-1","max-image-preview":"max-image-preview:large","max-video-preview":"max-video-preview:-1"},"canonical":"https:\/\/colaistenaomheoin.ie\/en\/eolai-og\/","og_locale":"en_GB","og_type":"article","og_title":"Eola\u00ed \u00d3g - Colaiste Naomh Eoin","og_description":"Located on the idyllic Inis Me\u00e1in, Col\u00e1iste Naomh Eoin is one of the most sought after Irish language boarding Secondary schools in Ireland","og_url":"https:\/\/colaistenaomheoin.ie\/en\/eolai-og\/","og_site_name":"Colaiste Naomh Eoin","article_publisher":"https:\/\/www.facebook.com\/ColNaomhEoin\/","article_modified_time":"2026-01-14T16:46:32+00:00","og_image":[{"url":"https:\/\/colaistenaomheoin.ie\/wp-content\/uploads\/2025\/12\/a672ceb9-1c59-4e02-afb5-ed13a962bef6-1024x682.jpg","type":"","width":"","height":""}],"twitter_card":"summary_large_image","twitter_site":"@Col_Naomh_Eoin","schema":{"@context":"https:\/\/schema.org","@graph":[{"@type":"WebPage","@id":"https:\/\/colaistenaomheoin.ie\/en\/eolai-og\/","url":"https:\/\/colaistenaomheoin.ie\/en\/eolai-og\/","name":"Eola\u00ed \u00d3g - Colaiste Naomh Eoin","isPartOf":{"@id":"https:\/\/colaistenaomheoin.ie\/#website"},"primaryImageOfPage":{"@id":"https:\/\/colaistenaomheoin.ie\/en\/eolai-og\/#primaryimage"},"image":{"@id":"https:\/\/colaistenaomheoin.ie\/en\/eolai-og\/#primaryimage"},"thumbnailUrl":"https:\/\/colaistenaomheoin.ie\/wp-content\/uploads\/2025\/12\/a672ceb9-1c59-4e02-afb5-ed13a962bef6-1024x682.jpg","datePublished":"2025-12-02T23:37:07+00:00","dateModified":"2026-01-14T16:46:32+00:00","description":"Located on the idyllic Inis Me\u00e1in, Col\u00e1iste Naomh Eoin is one of the most sought after Irish language boarding Secondary schools in Ireland","breadcrumb":{"@id":"https:\/\/colaistenaomheoin.ie\/en\/eolai-og\/#breadcrumb"},"inLanguage":"en-GB","potentialAction":[{"@type":"ReadAction","target":["https:\/\/colaistenaomheoin.ie\/en\/eolai-og\/"]}]},{"@type":"ImageObject","inLanguage":"en-GB","@id":"https:\/\/colaistenaomheoin.ie\/en\/eolai-og\/#primaryimage","url":"https:\/\/colaistenaomheoin.ie\/wp-content\/uploads\/2025\/12\/a672ceb9-1c59-4e02-afb5-ed13a962bef6-1024x682.jpg","contentUrl":"https:\/\/colaistenaomheoin.ie\/wp-content\/uploads\/2025\/12\/a672ceb9-1c59-4e02-afb5-ed13a962bef6-1024x682.jpg"},{"@type":"BreadcrumbList","@id":"https:\/\/colaistenaomheoin.ie\/en\/eolai-og\/#breadcrumb","itemListElement":[{"@type":"ListItem","position":1,"name":"Baile","item":"https:\/\/colaistenaomheoin.ie\/"},{"@type":"ListItem","position":2,"name":"Eola\u00ed \u00d3g"}]},{"@type":"WebSite","@id":"https:\/\/colaistenaomheoin.ie\/#website","url":"https:\/\/colaistenaomheoin.ie\/","name":"Colaiste Naomh Eoin","description":"","publisher":{"@id":"https:\/\/colaistenaomheoin.ie\/#organization"},"potentialAction":[{"@type":"SearchAction","target":{"@type":"EntryPoint","urlTemplate":"https:\/\/colaistenaomheoin.ie\/?s={search_term_string}"},"query-input":{"@type":"PropertyValueSpecification","valueRequired":true,"valueName":"search_term_string"}}],"inLanguage":"en-GB"},{"@type":"Organization","@id":"https:\/\/colaistenaomheoin.ie\/#organization","name":"Col\u00e1iste Naomh Eoin","url":"https:\/\/colaistenaomheoin.ie\/","logo":{"@type":"ImageObject","inLanguage":"en-GB","@id":"https:\/\/colaistenaomheoin.ie\/#\/schema\/logo\/image\/","url":"https:\/\/colaistenaomheoin.ie\/wp-content\/uploads\/2021\/11\/Colaiste-Eoin-Logo-Sidebar.png","contentUrl":"https:\/\/colaistenaomheoin.ie\/wp-content\/uploads\/2021\/11\/Colaiste-Eoin-Logo-Sidebar.png","width":160,"height":180,"caption":"Col\u00e1iste Naomh Eoin"},"image":{"@id":"https:\/\/colaistenaomheoin.ie\/#\/schema\/logo\/image\/"},"sameAs":["https:\/\/www.facebook.com\/ColNaomhEoin\/","https:\/\/x.com\/Col_Naomh_Eoin","https:\/\/www.instagram.com\/colaistenaomheoin\/"]}]}},"_links":{"self":[{"href":"https:\/\/colaistenaomheoin.ie\/en\/wp-json\/wp\/v2\/pages\/1810","targetHints":{"allow":["GET"]}}],"collection":[{"href":"https:\/\/colaistenaomheoin.ie\/en\/wp-json\/wp\/v2\/pages"}],"about":[{"href":"https:\/\/colaistenaomheoin.ie\/en\/wp-json\/wp\/v2\/types\/page"}],"author":[{"embeddable":true,"href":"https:\/\/colaistenaomheoin.ie\/en\/wp-json\/wp\/v2\/users\/1"}],"replies":[{"embeddable":true,"href":"https:\/\/colaistenaomheoin.ie\/en\/wp-json\/wp\/v2\/comments?post=1810"}],"version-history":[{"count":64,"href":"https:\/\/colaistenaomheoin.ie\/en\/wp-json\/wp\/v2\/pages\/1810\/revisions"}],"predecessor-version":[{"id":2131,"href":"https:\/\/colaistenaomheoin.ie\/en\/wp-json\/wp\/v2\/pages\/1810\/revisions\/2131"}],"wp:attachment":[{"href":"https:\/\/colaistenaomheoin.ie\/en\/wp-json\/wp\/v2\/media?parent=1810"}],"curies":[{"name":"wp","href":"https:\/\/api.w.org\/{rel}","templated":true}]}}