{"id":1774,"date":"2025-12-02T21:39:09","date_gmt":"2025-12-02T21:39:09","guid":{"rendered":"https:\/\/colaistenaomheoin.ie\/?page_id=1774"},"modified":"2025-12-19T19:03:11","modified_gmt":"2025-12-19T19:03:11","slug":"ceol-agus-na-healaiona","status":"publish","type":"page","link":"https:\/\/colaistenaomheoin.ie\/en\/ceol-agus-na-healaiona\/","title":{"rendered":"Music &amp; the Arts"},"content":{"rendered":"<div data-elementor-type=\"wp-page\" data-elementor-id=\"1774\" class=\"elementor elementor-1774\" data-elementor-post-type=\"page\">\n\t\t\t\t\t\t<section class=\"elementor-section elementor-top-section elementor-element elementor-element-6cd32d9 elementor-section-boxed elementor-section-height-default elementor-section-height-default\" data-id=\"6cd32d9\" data-element_type=\"section\">\n\t\t\t\t\t\t<div class=\"elementor-container elementor-column-gap-default\">\n\t\t\t\t\t<div class=\"elementor-column elementor-col-100 elementor-top-column elementor-element elementor-element-233bbe8\" data-id=\"233bbe8\" data-element_type=\"column\">\n\t\t\t<div class=\"elementor-widget-wrap\">\n\t\t\t\t\t\t\t<\/div>\n\t\t<\/div>\n\t\t\t\t\t<\/div>\n\t\t<\/section>\n\t\t\t\t<section class=\"elementor-section elementor-top-section elementor-element elementor-element-68faf122 elementor-section-boxed elementor-section-height-default elementor-section-height-default\" data-id=\"68faf122\" data-element_type=\"section\">\n\t\t\t\t\t\t<div class=\"elementor-container elementor-column-gap-default\">\n\t\t\t\t\t<div class=\"elementor-column elementor-col-100 elementor-top-column elementor-element elementor-element-3ed58881\" data-id=\"3ed58881\" data-element_type=\"column\">\n\t\t\t<div class=\"elementor-widget-wrap\">\n\t\t\t\t\t\t\t<\/div>\n\t\t<\/div>\n\t\t\t\t\t<\/div>\n\t\t<\/section>\n\t\t\t\t<section class=\"elementor-section elementor-top-section elementor-element elementor-element-209f23c4 elementor-section-full_width elementor-section-height-min-height elementor-section-height-default elementor-section-items-middle\" data-id=\"209f23c4\" data-element_type=\"section\" data-settings=\"{&quot;background_background&quot;:&quot;classic&quot;}\">\n\t\t\t\t\t\t<div class=\"elementor-container elementor-column-gap-default\">\n\t\t\t\t\t<div class=\"elementor-column elementor-col-100 elementor-top-column elementor-element elementor-element-6b8556c4\" data-id=\"6b8556c4\" data-element_type=\"column\">\n\t\t\t<div class=\"elementor-widget-wrap\">\n\t\t\t\t\t\t\t<\/div>\n\t\t<\/div>\n\t\t\t\t\t<\/div>\n\t\t<\/section>\n\t\t\t\t<section class=\"elementor-section elementor-top-section elementor-element elementor-element-9b98a82 elementor-section-full_width elementor-section-height-min-height elementor-section-height-default elementor-section-items-middle\" data-id=\"9b98a82\" data-element_type=\"section\">\n\t\t\t\t\t\t<div class=\"elementor-container elementor-column-gap-default\">\n\t\t\t\t\t<div class=\"elementor-column elementor-col-50 elementor-top-column elementor-element elementor-element-2dbce5f3\" data-id=\"2dbce5f3\" data-element_type=\"column\" data-settings=\"{&quot;background_background&quot;:&quot;classic&quot;}\">\n\t\t\t<div class=\"elementor-widget-wrap elementor-element-populated\">\n\t\t\t\t\t\t<section class=\"elementor-section elementor-inner-section elementor-element elementor-element-27b08556 elementor-section-boxed elementor-section-height-default elementor-section-height-default\" data-id=\"27b08556\" data-element_type=\"section\">\n\t\t\t\t\t\t<div class=\"elementor-container elementor-column-gap-default\">\n\t\t\t\t\t<div class=\"elementor-column elementor-col-100 elementor-inner-column elementor-element elementor-element-40739060\" data-id=\"40739060\" data-element_type=\"column\">\n\t\t\t<div class=\"elementor-widget-wrap elementor-element-populated\">\n\t\t\t\t\t\t<div class=\"elementor-element elementor-element-40f06c94 elementor-invisible elementor-widget elementor-widget-breadcrumbs\" data-id=\"40f06c94\" data-element_type=\"widget\" data-settings=\"{&quot;_animation&quot;:&quot;fadeInLeft&quot;}\" data-widget_type=\"breadcrumbs.default\">\n\t\t\t\t<div class=\"elementor-widget-container\">\n\t\t\t\t\t<p id=\"breadcrumbs\"><span><span><a href=\"https:\/\/colaistenaomheoin.ie\/\">Home<\/a><\/span><\/span><\/p>\t\t\t\t<\/div>\n\t\t\t\t<\/div>\n\t\t\t\t\t<\/div>\n\t\t<\/div>\n\t\t\t\t\t<\/div>\n\t\t<\/section>\n\t\t\t\t<div class=\"elementor-element elementor-element-c4c53fe elementor-widget elementor-widget-spacer\" data-id=\"c4c53fe\" data-element_type=\"widget\" data-widget_type=\"spacer.default\">\n\t\t\t\t<div class=\"elementor-widget-container\">\n\t\t\t\t\t\t\t<div class=\"elementor-spacer\">\n\t\t\t<div class=\"elementor-spacer-inner\"><\/div>\n\t\t<\/div>\n\t\t\t\t\t\t<\/div>\n\t\t\t\t<\/div>\n\t\t\t\t\t<\/div>\n\t\t<\/div>\n\t\t\t\t<div class=\"elementor-column elementor-col-50 elementor-top-column elementor-element elementor-element-6b758d3\" data-id=\"6b758d3\" data-element_type=\"column\" data-settings=\"{&quot;background_background&quot;:&quot;classic&quot;}\">\n\t\t\t<div class=\"elementor-widget-wrap\">\n\t\t\t\t\t\t\t<\/div>\n\t\t<\/div>\n\t\t\t\t\t<\/div>\n\t\t<\/section>\n\t\t\t\t<section class=\"elementor-section elementor-top-section elementor-element elementor-element-2bce0677 elementor-section-content-middle elementor-section-boxed elementor-section-height-default elementor-section-height-default\" data-id=\"2bce0677\" data-element_type=\"section\">\n\t\t\t\t\t\t<div class=\"elementor-container elementor-column-gap-no\">\n\t\t\t\t\t<div class=\"elementor-column elementor-col-50 elementor-top-column elementor-element elementor-element-533fcffb\" data-id=\"533fcffb\" data-element_type=\"column\">\n\t\t\t<div class=\"elementor-widget-wrap elementor-element-populated\">\n\t\t\t\t\t\t<div class=\"elementor-element elementor-element-2e80ff1f elementor-widget elementor-widget-heading\" data-id=\"2e80ff1f\" data-element_type=\"widget\" data-widget_type=\"heading.default\">\n\t\t\t\t<div class=\"elementor-widget-container\">\n\t\t\t\t\t<h4 class=\"elementor-heading-title elementor-size-default\">Music<\/h4>\t\t\t\t<\/div>\n\t\t\t\t<\/div>\n\t\t\t\t<div class=\"elementor-element elementor-element-49c11c76 elementor-widget-divider--view-line elementor-invisible elementor-widget elementor-widget-divider\" data-id=\"49c11c76\" data-element_type=\"widget\" data-settings=\"{&quot;_animation&quot;:&quot;fadeInLeft&quot;}\" data-widget_type=\"divider.default\">\n\t\t\t\t<div class=\"elementor-widget-container\">\n\t\t\t\t\t\t\t<div class=\"elementor-divider\">\n\t\t\t<span class=\"elementor-divider-separator\">\n\t\t\t\t\t\t<\/span>\n\t\t<\/div>\n\t\t\t\t\t\t<\/div>\n\t\t\t\t<\/div>\n\t\t\t\t\t<\/div>\n\t\t<\/div>\n\t\t\t\t<div class=\"elementor-column elementor-col-50 elementor-top-column elementor-element elementor-element-687732c6\" data-id=\"687732c6\" data-element_type=\"column\">\n\t\t\t<div class=\"elementor-widget-wrap elementor-element-populated\">\n\t\t\t\t\t\t<div class=\"elementor-element elementor-element-620b852f elementor-widget elementor-widget-text-editor\" data-id=\"620b852f\" data-element_type=\"widget\" data-widget_type=\"text-editor.default\">\n\t\t\t\t<div class=\"elementor-widget-container\">\n\t\t\t\t\t\t\t\t\t<p>The school has a strong tradition of music. Many of our students are accomplished musicians and compete in national events including Oireachtas na Samhna. Students have the option to study music formally at Junior and Leaving Cert levels. We also host optional Irish Traditional Music sessions every Tuesday morning, led by a local musician, where students have the opportunity to play together.<\/p>\t\t\t\t\t\t\t\t<\/div>\n\t\t\t\t<\/div>\n\t\t\t\t\t<\/div>\n\t\t<\/div>\n\t\t\t\t\t<\/div>\n\t\t<\/section>\n\t\t\t\t<section class=\"elementor-section elementor-top-section elementor-element elementor-element-f88bc4b elementor-section-boxed elementor-section-height-default elementor-section-height-default\" data-id=\"f88bc4b\" data-element_type=\"section\">\n\t\t\t\t\t\t<div class=\"elementor-container elementor-column-gap-default\">\n\t\t\t\t\t<div class=\"elementor-column elementor-col-100 elementor-top-column elementor-element elementor-element-5c10e05\" data-id=\"5c10e05\" data-element_type=\"column\">\n\t\t\t<div class=\"elementor-widget-wrap elementor-element-populated\">\n\t\t\t\t\t\t<section class=\"elementor-section elementor-inner-section elementor-element elementor-element-5c86ca8 elementor-section-boxed elementor-section-height-default elementor-section-height-default\" data-id=\"5c86ca8\" data-element_type=\"section\">\n\t\t\t\t\t\t<div class=\"elementor-container elementor-column-gap-default\">\n\t\t\t\t\t<div class=\"elementor-column elementor-col-50 elementor-inner-column elementor-element elementor-element-9d4e0f0\" data-id=\"9d4e0f0\" data-element_type=\"column\">\n\t\t\t<div class=\"elementor-widget-wrap elementor-element-populated\">\n\t\t\t\t\t\t<div class=\"elementor-element elementor-element-d5fb616 elementor-widget elementor-widget-image\" data-id=\"d5fb616\" data-element_type=\"widget\" data-widget_type=\"image.default\">\n\t\t\t\t<div class=\"elementor-widget-container\">\n\t\t\t\t\t\t\t\t\t\t\t\t\t\t\t<img fetchpriority=\"high\" decoding=\"async\" width=\"768\" height=\"1024\" src=\"https:\/\/colaistenaomheoin.ie\/wp-content\/uploads\/2024\/02\/Drumming-768x1024.jpg\" class=\"attachment-large size-large wp-image-1521\" alt=\"\" srcset=\"https:\/\/colaistenaomheoin.ie\/wp-content\/uploads\/2024\/02\/Drumming-768x1024.jpg 768w, https:\/\/colaistenaomheoin.ie\/wp-content\/uploads\/2024\/02\/Drumming-225x300.jpg 225w, https:\/\/colaistenaomheoin.ie\/wp-content\/uploads\/2024\/02\/Drumming-1152x1536.jpg 1152w, https:\/\/colaistenaomheoin.ie\/wp-content\/uploads\/2024\/02\/Drumming-9x12.jpg 9w, https:\/\/colaistenaomheoin.ie\/wp-content\/uploads\/2024\/02\/Drumming.jpg 1536w\" sizes=\"(max-width: 768px) 100vw, 768px\" \/>\t\t\t\t\t\t\t\t\t\t\t\t\t\t\t<\/div>\n\t\t\t\t<\/div>\n\t\t\t\t\t<\/div>\n\t\t<\/div>\n\t\t\t\t<div class=\"elementor-column elementor-col-50 elementor-inner-column elementor-element elementor-element-82a7126\" data-id=\"82a7126\" data-element_type=\"column\">\n\t\t\t<div class=\"elementor-widget-wrap elementor-element-populated\">\n\t\t\t\t\t\t<div class=\"elementor-element elementor-element-c011b6d elementor-widget elementor-widget-image\" data-id=\"c011b6d\" data-element_type=\"widget\" data-widget_type=\"image.default\">\n\t\t\t\t<div class=\"elementor-widget-container\">\n\t\t\t\t\t\t\t\t\t\t\t\t\t\t\t<img decoding=\"async\" width=\"457\" height=\"812\" src=\"https:\/\/colaistenaomheoin.ie\/wp-content\/uploads\/2025\/12\/Harp.jpg\" class=\"attachment-large size-large wp-image-1969\" alt=\"\" srcset=\"https:\/\/colaistenaomheoin.ie\/wp-content\/uploads\/2025\/12\/Harp.jpg 457w, https:\/\/colaistenaomheoin.ie\/wp-content\/uploads\/2025\/12\/Harp-169x300.jpg 169w, https:\/\/colaistenaomheoin.ie\/wp-content\/uploads\/2025\/12\/Harp-7x12.jpg 7w\" sizes=\"(max-width: 457px) 100vw, 457px\" \/>\t\t\t\t\t\t\t\t\t\t\t\t\t\t\t<\/div>\n\t\t\t\t<\/div>\n\t\t\t\t\t<\/div>\n\t\t<\/div>\n\t\t\t\t\t<\/div>\n\t\t<\/section>\n\t\t\t\t\t<\/div>\n\t\t<\/div>\n\t\t\t\t\t<\/div>\n\t\t<\/section>\n\t\t\t\t<section class=\"elementor-section elementor-top-section elementor-element elementor-element-24aa4b1b elementor-section-full_width elementor-section-height-default elementor-section-height-default\" data-id=\"24aa4b1b\" data-element_type=\"section\">\n\t\t\t\t\t\t<div class=\"elementor-container elementor-column-gap-default\">\n\t\t\t\t\t<div class=\"elementor-column elementor-col-100 elementor-top-column elementor-element elementor-element-522124b4\" data-id=\"522124b4\" data-element_type=\"column\">\n\t\t\t<div class=\"elementor-widget-wrap\">\n\t\t\t\t\t\t\t<\/div>\n\t\t<\/div>\n\t\t\t\t\t<\/div>\n\t\t<\/section>\n\t\t\t\t<section class=\"elementor-section elementor-top-section elementor-element elementor-element-46cfdf9d elementor-section-content-middle elementor-reverse-mobile elementor-section-boxed elementor-section-height-default elementor-section-height-default\" data-id=\"46cfdf9d\" data-element_type=\"section\">\n\t\t\t\t\t\t<div class=\"elementor-container elementor-column-gap-no\">\n\t\t\t\t\t<div class=\"elementor-column elementor-col-50 elementor-top-column elementor-element elementor-element-1bfdf26\" data-id=\"1bfdf26\" data-element_type=\"column\">\n\t\t\t<div class=\"elementor-widget-wrap elementor-element-populated\">\n\t\t\t\t\t\t<div class=\"elementor-element elementor-element-493b308d elementor-widget elementor-widget-heading\" data-id=\"493b308d\" data-element_type=\"widget\" data-widget_type=\"heading.default\">\n\t\t\t\t<div class=\"elementor-widget-container\">\n\t\t\t\t\t<h3 class=\"elementor-heading-title elementor-size-default\">The Arts<\/h3>\t\t\t\t<\/div>\n\t\t\t\t<\/div>\n\t\t\t\t<div class=\"elementor-element elementor-element-1f87fcf0 elementor-widget-divider--view-line elementor-invisible elementor-widget elementor-widget-divider\" data-id=\"1f87fcf0\" data-element_type=\"widget\" data-settings=\"{&quot;_animation&quot;:&quot;fadeInLeft&quot;}\" data-widget_type=\"divider.default\">\n\t\t\t\t<div class=\"elementor-widget-container\">\n\t\t\t\t\t\t\t<div class=\"elementor-divider\">\n\t\t\t<span class=\"elementor-divider-separator\">\n\t\t\t\t\t\t<\/span>\n\t\t<\/div>\n\t\t\t\t\t\t<\/div>\n\t\t\t\t<\/div>\n\t\t\t\t<div class=\"elementor-element elementor-element-792a6bff elementor-widget elementor-widget-text-editor\" data-id=\"792a6bff\" data-element_type=\"widget\" data-widget_type=\"text-editor.default\">\n\t\t\t\t<div class=\"elementor-widget-container\">\n\t\t\t\t\t\t\t\t\t<p>Students have the opportunity to develop their creative skills through various art and drama workshops and by participating in competitions such as Junk Kouture.<\/p>\t\t\t\t\t\t\t\t<\/div>\n\t\t\t\t<\/div>\n\t\t\t\t\t<\/div>\n\t\t<\/div>\n\t\t\t\t<div class=\"elementor-column elementor-col-50 elementor-top-column elementor-element elementor-element-37d55d1c\" data-id=\"37d55d1c\" data-element_type=\"column\">\n\t\t\t<div class=\"elementor-widget-wrap elementor-element-populated\">\n\t\t\t\t\t\t<div class=\"elementor-element elementor-element-6b1fcf77 elementor-invisible elementor-widget elementor-widget-image\" data-id=\"6b1fcf77\" data-element_type=\"widget\" data-settings=\"{&quot;_animation&quot;:&quot;fadeInRight&quot;,&quot;_animation_delay&quot;:800}\" data-widget_type=\"image.default\">\n\t\t\t\t<div class=\"elementor-widget-container\">\n\t\t\t\t\t\t\t\t\t\t\t\t\t\t\t<img decoding=\"async\" width=\"1920\" height=\"2560\" src=\"https:\/\/colaistenaomheoin.ie\/wp-content\/uploads\/2025\/12\/IMG_7249-scaled.jpg\" class=\"attachment-full size-full wp-image-1970\" alt=\"\" srcset=\"https:\/\/colaistenaomheoin.ie\/wp-content\/uploads\/2025\/12\/IMG_7249-scaled.jpg 1920w, https:\/\/colaistenaomheoin.ie\/wp-content\/uploads\/2025\/12\/IMG_7249-225x300.jpg 225w, https:\/\/colaistenaomheoin.ie\/wp-content\/uploads\/2025\/12\/IMG_7249-768x1024.jpg 768w, https:\/\/colaistenaomheoin.ie\/wp-content\/uploads\/2025\/12\/IMG_7249-1152x1536.jpg 1152w, https:\/\/colaistenaomheoin.ie\/wp-content\/uploads\/2025\/12\/IMG_7249-1536x2048.jpg 1536w, https:\/\/colaistenaomheoin.ie\/wp-content\/uploads\/2025\/12\/IMG_7249-9x12.jpg 9w\" sizes=\"(max-width: 1920px) 100vw, 1920px\" \/>\t\t\t\t\t\t\t\t\t\t\t\t\t\t\t<\/div>\n\t\t\t\t<\/div>\n\t\t\t\t\t<\/div>\n\t\t<\/div>\n\t\t\t\t\t<\/div>\n\t\t<\/section>\n\t\t\t\t<\/div>","protected":false},"excerpt":{"rendered":"<p>Ceol T\u00e1 traidisi\u00fan l\u00e1idir ceoil ag an scoil. Is ceolt\u00f3ir\u00ed oilte iad go leor d\u00e1r scol\u00e1ir\u00ed agus glacann siad p\u00e1irt in imeachta\u00ed n\u00e1isi\u00fanta, lena n-\u00e1ir\u00edtear Oireachtas na Samhna. T\u00e1 an rogha ag na scol\u00e1ir\u00ed ceol a dh\u00e9anamh mar \u00e1bhar foirmi\u00fail ag leibh\u00e9al an Teastais Sh\u00f3isearaigh agus an Ardteistim\u00e9ireachta. Eagra\u00edmid seisi\u00fain roghnacha cheol traidisi\u00fanta na h\u00c9ireann [&hellip;]<\/p>","protected":false},"author":1,"featured_media":0,"parent":0,"menu_order":0,"comment_status":"closed","ping_status":"closed","template":"","meta":{"footnotes":""},"class_list":["post-1774","page","type-page","status-publish","hentry"],"yoast_head":"<!-- This site is optimized with the Yoast SEO plugin v26.3 - https:\/\/yoast.com\/wordpress\/plugins\/seo\/ -->\n<title>Ceol agus Na hEala\u00edona - Colaiste Naomh Eoin<\/title>\n<meta name=\"description\" content=\"Located on the idyllic Inis Me\u00e1in, Col\u00e1iste Naomh Eoin is one of the most sought after Irish language boarding Secondary schools in Ireland\" \/>\n<meta name=\"robots\" content=\"index, follow, max-snippet:-1, max-image-preview:large, max-video-preview:-1\" \/>\n<link rel=\"canonical\" href=\"https:\/\/colaistenaomheoin.ie\/en\/ceol-agus-na-healaiona\/\" \/>\n<meta property=\"og:locale\" content=\"en_GB\" \/>\n<meta property=\"og:type\" content=\"article\" \/>\n<meta property=\"og:title\" content=\"Ceol agus Na hEala\u00edona - Colaiste Naomh Eoin\" \/>\n<meta property=\"og:description\" content=\"Located on the idyllic Inis Me\u00e1in, Col\u00e1iste Naomh Eoin is one of the most sought after Irish language boarding Secondary schools in Ireland\" \/>\n<meta property=\"og:url\" content=\"https:\/\/colaistenaomheoin.ie\/en\/ceol-agus-na-healaiona\/\" \/>\n<meta property=\"og:site_name\" content=\"Colaiste Naomh Eoin\" \/>\n<meta property=\"article:publisher\" content=\"https:\/\/www.facebook.com\/ColNaomhEoin\/\" \/>\n<meta property=\"article:modified_time\" content=\"2025-12-19T19:03:11+00:00\" \/>\n<meta property=\"og:image\" content=\"https:\/\/colaistenaomheoin.ie\/wp-content\/uploads\/2024\/02\/Drumming-768x1024.jpg\" \/>\n<meta name=\"twitter:card\" content=\"summary_large_image\" \/>\n<meta name=\"twitter:site\" content=\"@Col_Naomh_Eoin\" \/>\n<meta name=\"twitter:label1\" content=\"Estimated reading time\" \/>\n\t<meta name=\"twitter:data1\" content=\"1 minute\" \/>\n<script type=\"application\/ld+json\" class=\"yoast-schema-graph\">{\"@context\":\"https:\/\/schema.org\",\"@graph\":[{\"@type\":\"WebPage\",\"@id\":\"https:\/\/colaistenaomheoin.ie\/en\/ceol-agus-na-healaiona\/\",\"url\":\"https:\/\/colaistenaomheoin.ie\/en\/ceol-agus-na-healaiona\/\",\"name\":\"Ceol agus Na hEala\u00edona - Colaiste Naomh Eoin\",\"isPartOf\":{\"@id\":\"https:\/\/colaistenaomheoin.ie\/#website\"},\"primaryImageOfPage\":{\"@id\":\"https:\/\/colaistenaomheoin.ie\/en\/ceol-agus-na-healaiona\/#primaryimage\"},\"image\":{\"@id\":\"https:\/\/colaistenaomheoin.ie\/en\/ceol-agus-na-healaiona\/#primaryimage\"},\"thumbnailUrl\":\"https:\/\/colaistenaomheoin.ie\/wp-content\/uploads\/2024\/02\/Drumming-768x1024.jpg\",\"datePublished\":\"2025-12-02T21:39:09+00:00\",\"dateModified\":\"2025-12-19T19:03:11+00:00\",\"description\":\"Located on the idyllic Inis Me\u00e1in, Col\u00e1iste Naomh Eoin is one of the most sought after Irish language boarding Secondary schools in Ireland\",\"breadcrumb\":{\"@id\":\"https:\/\/colaistenaomheoin.ie\/en\/ceol-agus-na-healaiona\/#breadcrumb\"},\"inLanguage\":\"en-GB\",\"potentialAction\":[{\"@type\":\"ReadAction\",\"target\":[\"https:\/\/colaistenaomheoin.ie\/en\/ceol-agus-na-healaiona\/\"]}]},{\"@type\":\"ImageObject\",\"inLanguage\":\"en-GB\",\"@id\":\"https:\/\/colaistenaomheoin.ie\/en\/ceol-agus-na-healaiona\/#primaryimage\",\"url\":\"https:\/\/colaistenaomheoin.ie\/wp-content\/uploads\/2024\/02\/Drumming-768x1024.jpg\",\"contentUrl\":\"https:\/\/colaistenaomheoin.ie\/wp-content\/uploads\/2024\/02\/Drumming-768x1024.jpg\"},{\"@type\":\"BreadcrumbList\",\"@id\":\"https:\/\/colaistenaomheoin.ie\/en\/ceol-agus-na-healaiona\/#breadcrumb\",\"itemListElement\":[{\"@type\":\"ListItem\",\"position\":1,\"name\":\"Baile\",\"item\":\"https:\/\/colaistenaomheoin.ie\/\"},{\"@type\":\"ListItem\",\"position\":2,\"name\":\"Ceol agus Na hEala\u00edona\"}]},{\"@type\":\"WebSite\",\"@id\":\"https:\/\/colaistenaomheoin.ie\/#website\",\"url\":\"https:\/\/colaistenaomheoin.ie\/\",\"name\":\"Colaiste Naomh Eoin\",\"description\":\"\",\"publisher\":{\"@id\":\"https:\/\/colaistenaomheoin.ie\/#organization\"},\"potentialAction\":[{\"@type\":\"SearchAction\",\"target\":{\"@type\":\"EntryPoint\",\"urlTemplate\":\"https:\/\/colaistenaomheoin.ie\/?s={search_term_string}\"},\"query-input\":{\"@type\":\"PropertyValueSpecification\",\"valueRequired\":true,\"valueName\":\"search_term_string\"}}],\"inLanguage\":\"en-GB\"},{\"@type\":\"Organization\",\"@id\":\"https:\/\/colaistenaomheoin.ie\/#organization\",\"name\":\"Col\u00e1iste Naomh Eoin\",\"url\":\"https:\/\/colaistenaomheoin.ie\/\",\"logo\":{\"@type\":\"ImageObject\",\"inLanguage\":\"en-GB\",\"@id\":\"https:\/\/colaistenaomheoin.ie\/#\/schema\/logo\/image\/\",\"url\":\"https:\/\/colaistenaomheoin.ie\/wp-content\/uploads\/2021\/11\/Colaiste-Eoin-Logo-Sidebar.png\",\"contentUrl\":\"https:\/\/colaistenaomheoin.ie\/wp-content\/uploads\/2021\/11\/Colaiste-Eoin-Logo-Sidebar.png\",\"width\":160,\"height\":180,\"caption\":\"Col\u00e1iste Naomh Eoin\"},\"image\":{\"@id\":\"https:\/\/colaistenaomheoin.ie\/#\/schema\/logo\/image\/\"},\"sameAs\":[\"https:\/\/www.facebook.com\/ColNaomhEoin\/\",\"https:\/\/x.com\/Col_Naomh_Eoin\",\"https:\/\/www.instagram.com\/colaistenaomheoin\/\"]}]}<\/script>\n<!-- \/ Yoast SEO plugin. -->","yoast_head_json":{"title":"Ceol agus Na hEala\u00edona - Colaiste Naomh Eoin","description":"Located on the idyllic Inis Me\u00e1in, Col\u00e1iste Naomh Eoin is one of the most sought after Irish language boarding Secondary schools in Ireland","robots":{"index":"index","follow":"follow","max-snippet":"max-snippet:-1","max-image-preview":"max-image-preview:large","max-video-preview":"max-video-preview:-1"},"canonical":"https:\/\/colaistenaomheoin.ie\/en\/ceol-agus-na-healaiona\/","og_locale":"en_GB","og_type":"article","og_title":"Ceol agus Na hEala\u00edona - Colaiste Naomh Eoin","og_description":"Located on the idyllic Inis Me\u00e1in, Col\u00e1iste Naomh Eoin is one of the most sought after Irish language boarding Secondary schools in Ireland","og_url":"https:\/\/colaistenaomheoin.ie\/en\/ceol-agus-na-healaiona\/","og_site_name":"Colaiste Naomh Eoin","article_publisher":"https:\/\/www.facebook.com\/ColNaomhEoin\/","article_modified_time":"2025-12-19T19:03:11+00:00","og_image":[{"url":"https:\/\/colaistenaomheoin.ie\/wp-content\/uploads\/2024\/02\/Drumming-768x1024.jpg","type":"","width":"","height":""}],"twitter_card":"summary_large_image","twitter_site":"@Col_Naomh_Eoin","twitter_misc":{"Estimated reading time":"1 minute"},"schema":{"@context":"https:\/\/schema.org","@graph":[{"@type":"WebPage","@id":"https:\/\/colaistenaomheoin.ie\/en\/ceol-agus-na-healaiona\/","url":"https:\/\/colaistenaomheoin.ie\/en\/ceol-agus-na-healaiona\/","name":"Ceol agus Na hEala\u00edona - Colaiste Naomh Eoin","isPartOf":{"@id":"https:\/\/colaistenaomheoin.ie\/#website"},"primaryImageOfPage":{"@id":"https:\/\/colaistenaomheoin.ie\/en\/ceol-agus-na-healaiona\/#primaryimage"},"image":{"@id":"https:\/\/colaistenaomheoin.ie\/en\/ceol-agus-na-healaiona\/#primaryimage"},"thumbnailUrl":"https:\/\/colaistenaomheoin.ie\/wp-content\/uploads\/2024\/02\/Drumming-768x1024.jpg","datePublished":"2025-12-02T21:39:09+00:00","dateModified":"2025-12-19T19:03:11+00:00","description":"Located on the idyllic Inis Me\u00e1in, Col\u00e1iste Naomh Eoin is one of the most sought after Irish language boarding Secondary schools in Ireland","breadcrumb":{"@id":"https:\/\/colaistenaomheoin.ie\/en\/ceol-agus-na-healaiona\/#breadcrumb"},"inLanguage":"en-GB","potentialAction":[{"@type":"ReadAction","target":["https:\/\/colaistenaomheoin.ie\/en\/ceol-agus-na-healaiona\/"]}]},{"@type":"ImageObject","inLanguage":"en-GB","@id":"https:\/\/colaistenaomheoin.ie\/en\/ceol-agus-na-healaiona\/#primaryimage","url":"https:\/\/colaistenaomheoin.ie\/wp-content\/uploads\/2024\/02\/Drumming-768x1024.jpg","contentUrl":"https:\/\/colaistenaomheoin.ie\/wp-content\/uploads\/2024\/02\/Drumming-768x1024.jpg"},{"@type":"BreadcrumbList","@id":"https:\/\/colaistenaomheoin.ie\/en\/ceol-agus-na-healaiona\/#breadcrumb","itemListElement":[{"@type":"ListItem","position":1,"name":"Baile","item":"https:\/\/colaistenaomheoin.ie\/"},{"@type":"ListItem","position":2,"name":"Ceol agus Na hEala\u00edona"}]},{"@type":"WebSite","@id":"https:\/\/colaistenaomheoin.ie\/#website","url":"https:\/\/colaistenaomheoin.ie\/","name":"Colaiste Naomh Eoin","description":"","publisher":{"@id":"https:\/\/colaistenaomheoin.ie\/#organization"},"potentialAction":[{"@type":"SearchAction","target":{"@type":"EntryPoint","urlTemplate":"https:\/\/colaistenaomheoin.ie\/?s={search_term_string}"},"query-input":{"@type":"PropertyValueSpecification","valueRequired":true,"valueName":"search_term_string"}}],"inLanguage":"en-GB"},{"@type":"Organization","@id":"https:\/\/colaistenaomheoin.ie\/#organization","name":"Col\u00e1iste Naomh Eoin","url":"https:\/\/colaistenaomheoin.ie\/","logo":{"@type":"ImageObject","inLanguage":"en-GB","@id":"https:\/\/colaistenaomheoin.ie\/#\/schema\/logo\/image\/","url":"https:\/\/colaistenaomheoin.ie\/wp-content\/uploads\/2021\/11\/Colaiste-Eoin-Logo-Sidebar.png","contentUrl":"https:\/\/colaistenaomheoin.ie\/wp-content\/uploads\/2021\/11\/Colaiste-Eoin-Logo-Sidebar.png","width":160,"height":180,"caption":"Col\u00e1iste Naomh Eoin"},"image":{"@id":"https:\/\/colaistenaomheoin.ie\/#\/schema\/logo\/image\/"},"sameAs":["https:\/\/www.facebook.com\/ColNaomhEoin\/","https:\/\/x.com\/Col_Naomh_Eoin","https:\/\/www.instagram.com\/colaistenaomheoin\/"]}]}},"_links":{"self":[{"href":"https:\/\/colaistenaomheoin.ie\/en\/wp-json\/wp\/v2\/pages\/1774","targetHints":{"allow":["GET"]}}],"collection":[{"href":"https:\/\/colaistenaomheoin.ie\/en\/wp-json\/wp\/v2\/pages"}],"about":[{"href":"https:\/\/colaistenaomheoin.ie\/en\/wp-json\/wp\/v2\/types\/page"}],"author":[{"embeddable":true,"href":"https:\/\/colaistenaomheoin.ie\/en\/wp-json\/wp\/v2\/users\/1"}],"replies":[{"embeddable":true,"href":"https:\/\/colaistenaomheoin.ie\/en\/wp-json\/wp\/v2\/comments?post=1774"}],"version-history":[{"count":18,"href":"https:\/\/colaistenaomheoin.ie\/en\/wp-json\/wp\/v2\/pages\/1774\/revisions"}],"predecessor-version":[{"id":2060,"href":"https:\/\/colaistenaomheoin.ie\/en\/wp-json\/wp\/v2\/pages\/1774\/revisions\/2060"}],"wp:attachment":[{"href":"https:\/\/colaistenaomheoin.ie\/en\/wp-json\/wp\/v2\/media?parent=1774"}],"curies":[{"name":"wp","href":"https:\/\/api.w.org\/{rel}","templated":true}]}}